{"id":1094,"date":"2025-01-01T18:36:42","date_gmt":"2025-01-01T17:36:42","guid":{"rendered":"https:\/\/www.pallai.hu\/?page_id=1094"},"modified":"2025-03-05T13:11:51","modified_gmt":"2025-03-05T12:11:51","slug":"change-facilitation","status":"publish","type":"page","link":"https:\/\/www.pallai.hu\/en\/change-facilitation\/","title":{"rendered":"Change Facilitation"},"content":{"rendered":"<p>[et_pb_section fb_built=&#8221;1&#8243; _builder_version=&#8221;4.27.3&#8243; _module_preset=&#8221;default&#8221; use_background_color_gradient=&#8221;on&#8221; background_color_gradient_direction=&#8221;328deg&#8221; background_color_gradient_stops=&#8221;#2b87da 0%|#130986 100%&#8221; locked=&#8221;off&#8221; global_colors_info=&#8221;{}&#8221;][et_pb_row _builder_version=&#8221;4.27.3&#8243; _module_preset=&#8221;default&#8221; global_colors_info=&#8221;{}&#8221;][et_pb_column type=&#8221;4_4&#8243; _builder_version=&#8221;4.27.3&#8243; _module_preset=&#8221;default&#8221; global_colors_info=&#8221;{}&#8221;][et_pb_heading title=&#8221;Change Facilitation&#8221; _builder_version=&#8221;4.27.4&#8243; _module_preset=&#8221;default&#8221; title_font=&#8221;|800|||||||&#8221; title_text_color=&#8221;#FFFFFF&#8221; title_font_size=&#8221;36px&#8221; custom_padding=&#8221;||0px|||&#8221; animation_style=&#8221;fade&#8221; locked=&#8221;off&#8221; global_colors_info=&#8221;{}&#8221;][\/et_pb_heading][\/et_pb_column][\/et_pb_row][et_pb_row column_structure=&#8221;3_4,1_4&#8243; _builder_version=&#8221;4.27.3&#8243; _module_preset=&#8221;default&#8221; global_colors_info=&#8221;{}&#8221;][et_pb_column type=&#8221;3_4&#8243; _builder_version=&#8221;4.27.3&#8243; _module_preset=&#8221;default&#8221; global_colors_info=&#8221;{}&#8221;][et_pb_text _builder_version=&#8221;4.27.4&#8243; _module_preset=&#8221;default&#8221; text_text_color=&#8221;#FFFFFF&#8221; text_font_size=&#8221;18px&#8221; text_line_height=&#8221;1.8em&#8221; global_colors_info=&#8221;{}&#8221;]<\/p>\n<p><span style=\"font-weight: 400;\">Designing a good strategy is not enough for successful change<\/span><span style=\"font-weight: 400;\"> \u2014 real transformation requires shared understanding, commitment, and ownership at all levels of the organization. My work helps organizations achieve this through participatory methods that not only deliver results but also keep people engaged and ensure the organization stays on track for sustainable improvement.<\/span><\/p>\n<p><b>What I offer<\/b><\/p>\n<p><span style=\"font-weight: 400;\">I support strategic processes using <\/span><b>participatory approaches<\/b><span style=\"font-weight: 400;\">, with a strong focus on:<\/span><\/p>\n<ul>\n<li><span style=\"font-weight: 400;\">Ethics and organizational integrity<\/span><\/li>\n<li><span style=\"font-weight: 400;\">Organizational culture development<\/span><\/li>\n<\/ul>\n<p><strong>My services include:<\/strong><\/p>\n<ul>\n<li style=\"font-weight: 400;\" aria-level=\"1\"><span style=\"font-weight: 400;\">Process consulting and facilitation<\/span><\/li>\n<li style=\"font-weight: 400;\" aria-level=\"1\"><span style=\"font-weight: 400;\">Tailor-made support activities, such as trainings and team coaching<\/span><\/li>\n<\/ul>\n<p><b>My philosophy<\/b><\/p>\n<p><span style=\"font-weight: 400;\">I believe that every organization already holds the expertise and resources needed for successful change. My role is to help uncover and activate these internal strengths by creating space for dialogue, reflection, and collaboration. Together, we mobilize the energy and knowledge needed to achieve lasting and meaningful results.<br \/><\/span><\/p>\n<p><b>The process<\/b><\/p>\n<p><span style=\"font-weight: 400;\">We begin with a situation assessment and objective-setting involving a small core team.<\/span><\/p>\n<p><span style=\"font-weight: 400;\">Throughout the process, analysis, strategy development, and solution design are supported by a series of workshops and large-group facilitation sessions, all tailored to your organization\u2019s unique needs and context.<br \/><\/span><\/p>\n<p><b>Why participatory methods?<\/b><\/p>\n<p><span style=\"font-weight: 400;\">Guided collective reflection helps participants:<\/span><\/p>\n<ul>\n<li style=\"font-weight: 400;\" aria-level=\"1\"><span style=\"font-weight: 400;\">Understand the current state of the organization<\/span><\/li>\n<li style=\"font-weight: 400;\" aria-level=\"1\"><span style=\"font-weight: 400;\">Identify opportunities and new directions<\/span><\/li>\n<li style=\"font-weight: 400;\" aria-level=\"1\"><span style=\"font-weight: 400;\">Build genuine ownership and commitment<\/span><\/li>\n<\/ul>\n<p><span style=\"font-weight: 400;\">This open dialogue is not only liberating, but also energising. Participants co-create decisions based on real understanding, so when it\u2019s time to implement change, they move forward confidently, with the support of their peers.<\/span><\/p>\n<p><span style=\"font-weight: 400;\">The result is a transformation that reaches far beyond new processes or rules \u2014 it shapes culture, enhances collaboration, and strengthens the organization as a whole. This deep engagement and collective ownership ensure that the changes we create together lead to long-term success.<\/span><\/p>\n<p>[\/et_pb_text][\/et_pb_column][et_pb_column type=&#8221;1_4&#8243; _builder_version=&#8221;4.27.3&#8243; _module_preset=&#8221;default&#8221; global_colors_info=&#8221;{}&#8221;][et_pb_image src=&#8221;https:\/\/www.pallai.hu\/wp-content\/uploads\/2025\/01\/icon_szervezetfejlesztes.svg&#8221; title_text=&#8221;icon_szervezetfejlesztes&#8221; _builder_version=&#8221;4.27.3&#8243; _module_preset=&#8221;default&#8221; global_colors_info=&#8221;{}&#8221;][\/et_pb_image][\/et_pb_column][\/et_pb_row][\/et_pb_section]<\/p>\n","protected":false},"excerpt":{"rendered":"<p>Designing a good strategy is not enough for successful change \u2014 real transformation requires shared understanding, commitment, and ownership at all levels of the organization. My work helps organizations achieve this through participatory methods that not only deliver results but also keep people engaged and ensure the organization stays on track for sustainable improvement. What [&hellip;]<\/p>\n","protected":false},"author":4,"featured_media":0,"parent":0,"menu_order":0,"comment_status":"closed","ping_status":"closed","template":"","meta":{"_acf_changed":false,"_et_pb_use_builder":"on","_et_pb_old_content":"<p>[et_pb_section fb_built=\"1\" _builder_version=\"4.27.3\" _module_preset=\"default\" use_background_color_gradient=\"on\" background_color_gradient_direction=\"328deg\" background_color_gradient_stops=\"#2b87da 0%|#130986 100%\" locked=\"off\" global_colors_info=\"{}\"][et_pb_row _builder_version=\"4.27.3\" _module_preset=\"default\" global_colors_info=\"{}\"][et_pb_column type=\"4_4\" _builder_version=\"4.27.3\" _module_preset=\"default\" global_colors_info=\"{}\"][et_pb_heading title=\"Szervezetfejleszt\u00e9s\" _builder_version=\"4.27.3\" _module_preset=\"default\" title_font=\"|800|||||||\" title_text_color=\"#FFFFFF\" title_font_size=\"36px\" custom_padding=\"||0px|||\" animation_style=\"fade\" locked=\"off\" global_colors_info=\"{}\"][\/et_pb_heading][\/et_pb_column][\/et_pb_row][et_pb_row column_structure=\"3_4,1_4\" _builder_version=\"4.27.3\" _module_preset=\"default\" global_colors_info=\"{}\"][et_pb_column type=\"3_4\" _builder_version=\"4.27.3\" _module_preset=\"default\" global_colors_info=\"{}\"][et_pb_text _builder_version=\"4.27.3\" _module_preset=\"default\" text_text_color=\"#FFFFFF\" text_font_size=\"18px\" text_line_height=\"1.8em\" global_colors_info=\"{}\"]<\/p><p style=\"font-weight: 400;\">A v\u00e1ltoz\u00e1s t\u00e1mogat\u00e1s\u00e1hoz nem el\u00e9g a j\u00f3 strat\u00e9gia \u2013 fontos, hogy a szervezet minden szintj\u00e9n k\u00f6z\u00f6s meg\u00e9rt\u00e9s \u00e9s elk\u00f6telez\u0151d\u00e9s j\u00f6jj\u00f6n l\u00e9tre. Ebben seg\u00edtek \u00e9n r\u00e9szv\u00e9teli m\u00f3dszerekkel, amelyek nemcsak a c\u00e9lok el\u00e9r\u00e9s\u00e9t, hanem a munkat\u00e1rsak elk\u00f6telez\u0151d\u00e9s\u00e9t \u00e9s a szervezet tart\u00f3s fejl\u0151d\u00e9s\u00e9t is biztos\u00edtj\u00e1k.<\/p><p style=\"font-weight: 400;\">A munk\u00e1m k\u00f6z\u00e9ppontj\u00e1ban a strat\u00e9giai folyamatok r\u00e9szv\u00e9teli m\u00f3dszerekkel t\u00f6rt\u00e9n\u0151 t\u00e1mogat\u00e1sa \u00e1ll, \u00e9s az etika, a szervezeti integrit\u00e1s \u00e9s kult\u00fara er\u0151s\u00edt\u00e9se. Ezeken a ter\u00fcleteken folyamattan\u00e1csad\u00e1st \u00e9s facilit\u00e1l\u00e1st, tov\u00e1bb\u00e1 az ig\u00e9nyekhez igaz\u00edtott t\u00e1mogat\u00f3 tev\u00e9kenys\u00e9geket (p\u00e9ld\u00e1ul tr\u00e9ningeket vagy teamcoachingot) k\u00edn\u00e1lok.<\/p><p style=\"font-weight: 400;\">Hiszem, hogy minden szervezetben megvan a sz\u00fcks\u00e9ges szak\u00e9rtelem \u00e9s er\u0151forr\u00e1s a v\u00e1ltoz\u00e1shoz \u2013 a k\u00f6z\u00f6s munka sor\u00e1n ezeket seg\u00edtek felsz\u00ednre hozni \u00e9s hat\u00e9konyan mozg\u00f3s\u00edtani. C\u00e9lom, hogy az \u00e9rintettek egy\u00fctt dolgozva val\u00f3s\u00edtsanak meg tart\u00f3s \u00e9s fenntarthat\u00f3 eredm\u00e9nyeket.<\/p><p style=\"font-weight: 400;\">A folyamat kezdet\u00e9n a helyzet\u00e9rt\u00e9kel\u00e9st \u00e9s a c\u00e9lok meghat\u00e1roz\u00e1s\u00e1t egy kisebb csoporttal v\u00e9gzem. Az elemz\u00e9st, strat\u00e9giaalkot\u00e1st \u00e9s megold\u00e1sok kidolgoz\u00e1s\u00e1t k\u00fcl\u00f6nf\u00e9le m\u0171helymunk\u00e1k \u00e9s nagycsoportos m\u00f3dszerek t\u00e1mogatj\u00e1k, amelyeket mindig az adott helyzet ig\u00e9nyeihez igaz\u00edtok.<\/p><p style=\"font-weight: 400;\"><strong>Mi\u00e9rt <\/strong><strong>dolgozom <\/strong><strong>r\u00e9szv\u00e9teli m\u00f3dszerek<\/strong><strong>kel<\/strong><strong>?<\/strong><\/p><p style=\"font-weight: 400;\">Az ir\u00e1ny\u00edtott k\u00f6z\u00f6s gondolkod\u00e1s sor\u00e1n a r\u00e9sztvev\u0151k nemcsak meg\u00e9rtik a szervezet jelenlegi helyzet\u00e9t, hanem \u00faj ir\u00e1nyokat \u00e9s lehet\u0151s\u00e9geket fedeznek fel. Ez a p\u00e1rbesz\u00e9d felszabad\u00edt\u00f3 \u00e9s motiv\u00e1l\u00f3 hat\u00e1s\u00fa: energi\u00e1t \u00e9s elk\u00f6telezetts\u00e9get teremt. A m\u0171helymunk\u00e1k alatt a r\u00e9sztvev\u0151k k\u00f6z\u00f6sen alak\u00edtj\u00e1k ki a d\u00f6nt\u00e9seket, amelyek m\u00f6g\u00f6tt val\u00f3di meg\u00e9rt\u00e9s \u00e9s t\u00e1mogat\u00e1s \u00e1ll. \u00cdgy, amikor a megval\u00f3s\u00edt\u00e1s szakasz\u00e1ba l\u00e9pnek, pontosan tudj\u00e1k, mit kell tenni\u00fck, \u00e9s magabiztosan, t\u00e1rsaikra t\u00e1maszkodva haladnak az \u00faj ir\u00e1nyba.<\/p><p style=\"font-weight: 400;\">A k\u00f6z\u00f6sen l\u00e9trehozott v\u00e1ltoz\u00e1s nemcsak egy-egy munkat\u00e1rs vagy szab\u00e1ly szintj\u00e9n hoz eredm\u00e9nyt \u2013 a szervezet eg\u00e9sze alakul \u00e1t, \u00e9s egy \u00faj m\u0171k\u00f6d\u00e9si rendszer j\u00f6n l\u00e9tre. Ez a szeml\u00e9let biztos\u00edtja a v\u00e1ltoz\u00e1sok hossz\u00fa t\u00e1v\u00fa siker\u00e9t.<\/p><p>[\/et_pb_text][\/et_pb_column][et_pb_column type=\"1_4\" _builder_version=\"4.27.3\" _module_preset=\"default\" global_colors_info=\"{}\"][et_pb_image src=\"https:\/\/www.pallai.hu\/wp-content\/uploads\/2025\/01\/icon_szervezetfejlesztes.svg\" title_text=\"icon_szervezetfejlesztes\" _builder_version=\"4.27.3\" _module_preset=\"default\" global_colors_info=\"{}\"][\/et_pb_image][\/et_pb_column][\/et_pb_row][\/et_pb_section]<\/p><p style=\"font-weight: 400;\">\u00a0<\/p>","_et_gb_content_width":"","inline_featured_image":false,"footnotes":""},"class_list":["post-1094","page","type-page","status-publish","hentry"],"acf":[],"yoast_head":"<!-- This site is optimized with the Yoast SEO plugin v26.4 - https:\/\/yoast.com\/wordpress\/plugins\/seo\/ -->\n<title>Change Facilitation - Dr. Pallai Katalin | Vezet\u0151 k\u00e9pz\u00e9s | Etikus vezet\u00e9s | Szervezetfejleszt\u00e9s<\/title>\n<meta name=\"robots\" content=\"index, follow, max-snippet:-1, max-image-preview:large, max-video-preview:-1\" \/>\n<link rel=\"canonical\" href=\"https:\/\/www.pallai.hu\/valtozas-tamogatas\/\" \/>\n<meta property=\"og:locale\" content=\"en_US\" \/>\n<meta property=\"og:type\" content=\"article\" \/>\n<meta property=\"og:title\" content=\"Change Facilitation - Dr. Pallai Katalin | Vezet\u0151 k\u00e9pz\u00e9s | Etikus vezet\u00e9s | Szervezetfejleszt\u00e9s\" \/>\n<meta property=\"og:description\" content=\"Designing a good strategy is not enough for successful change \u2014 real transformation requires shared understanding, commitment, and ownership at all levels of the organization. My work helps organizations achieve this through participatory methods that not only deliver results but also keep people engaged and ensure the organization stays on track for sustainable improvement. What [&hellip;]\" \/>\n<meta property=\"og:url\" content=\"https:\/\/www.pallai.hu\/valtozas-tamogatas\/\" \/>\n<meta property=\"og:site_name\" content=\"Dr. Pallai Katalin | Vezet\u0151 k\u00e9pz\u00e9s | Etikus vezet\u00e9s | Szervezetfejleszt\u00e9s\" \/>\n<meta property=\"article:modified_time\" content=\"2025-03-05T12:11:51+00:00\" \/>\n<meta name=\"twitter:card\" content=\"summary_large_image\" \/>\n<meta name=\"twitter:label1\" content=\"Est. reading time\" \/>\n\t<meta name=\"twitter:data1\" content=\"2 minutes\" \/>\n<script type=\"application\/ld+json\" class=\"yoast-schema-graph\">{\"@context\":\"https:\/\/schema.org\",\"@graph\":[{\"@type\":\"WebPage\",\"@id\":\"https:\/\/www.pallai.hu\/valtozas-tamogatas\/\",\"url\":\"https:\/\/www.pallai.hu\/valtozas-tamogatas\/\",\"name\":\"Change Facilitation - Dr. Pallai Katalin | Vezet\u0151 k\u00e9pz\u00e9s | Etikus vezet\u00e9s | Szervezetfejleszt\u00e9s\",\"isPartOf\":{\"@id\":\"https:\/\/www.pallai.hu\/#website\"},\"datePublished\":\"2025-01-01T17:36:42+00:00\",\"dateModified\":\"2025-03-05T12:11:51+00:00\",\"breadcrumb\":{\"@id\":\"https:\/\/www.pallai.hu\/valtozas-tamogatas\/#breadcrumb\"},\"inLanguage\":\"en-US\",\"potentialAction\":[{\"@type\":\"ReadAction\",\"target\":[\"https:\/\/www.pallai.hu\/valtozas-tamogatas\/\"]}]},{\"@type\":\"BreadcrumbList\",\"@id\":\"https:\/\/www.pallai.hu\/valtozas-tamogatas\/#breadcrumb\",\"itemListElement\":[{\"@type\":\"ListItem\",\"position\":1,\"name\":\"Kezd\u0151lap\",\"item\":\"https:\/\/www.pallai.hu\/en\/\"},{\"@type\":\"ListItem\",\"position\":2,\"name\":\"Change Facilitation\"}]},{\"@type\":\"WebSite\",\"@id\":\"https:\/\/www.pallai.hu\/#website\",\"url\":\"https:\/\/www.pallai.hu\/\",\"name\":\"Dr. Pallai Katalin | Vezet\u0151 k\u00e9pz\u00e9s | Etikus vezet\u00e9s | Szervezetfejleszt\u00e9s\",\"description\":\"Dr. Pallai Katalin | Vezet\u0151 k\u00e9pz\u00e9s | Etikus vezet\u00e9s | Szervezetfejleszt\u00e9s\",\"potentialAction\":[{\"@type\":\"SearchAction\",\"target\":{\"@type\":\"EntryPoint\",\"urlTemplate\":\"https:\/\/www.pallai.hu\/?s={search_term_string}\"},\"query-input\":{\"@type\":\"PropertyValueSpecification\",\"valueRequired\":true,\"valueName\":\"search_term_string\"}}],\"inLanguage\":\"en-US\"}]}<\/script>\n<!-- \/ Yoast SEO plugin. -->","yoast_head_json":{"title":"Change Facilitation - Dr. Pallai Katalin | Vezet\u0151 k\u00e9pz\u00e9s | Etikus vezet\u00e9s | Szervezetfejleszt\u00e9s","robots":{"index":"index","follow":"follow","max-snippet":"max-snippet:-1","max-image-preview":"max-image-preview:large","max-video-preview":"max-video-preview:-1"},"canonical":"https:\/\/www.pallai.hu\/valtozas-tamogatas\/","og_locale":"en_US","og_type":"article","og_title":"Change Facilitation - Dr. Pallai Katalin | Vezet\u0151 k\u00e9pz\u00e9s | Etikus vezet\u00e9s | Szervezetfejleszt\u00e9s","og_description":"Designing a good strategy is not enough for successful change \u2014 real transformation requires shared understanding, commitment, and ownership at all levels of the organization. My work helps organizations achieve this through participatory methods that not only deliver results but also keep people engaged and ensure the organization stays on track for sustainable improvement. What [&hellip;]","og_url":"https:\/\/www.pallai.hu\/valtozas-tamogatas\/","og_site_name":"Dr. Pallai Katalin | Vezet\u0151 k\u00e9pz\u00e9s | Etikus vezet\u00e9s | Szervezetfejleszt\u00e9s","article_modified_time":"2025-03-05T12:11:51+00:00","twitter_card":"summary_large_image","twitter_misc":{"Est. reading time":"2 minutes"},"schema":{"@context":"https:\/\/schema.org","@graph":[{"@type":"WebPage","@id":"https:\/\/www.pallai.hu\/valtozas-tamogatas\/","url":"https:\/\/www.pallai.hu\/valtozas-tamogatas\/","name":"Change Facilitation - Dr. Pallai Katalin | Vezet\u0151 k\u00e9pz\u00e9s | Etikus vezet\u00e9s | Szervezetfejleszt\u00e9s","isPartOf":{"@id":"https:\/\/www.pallai.hu\/#website"},"datePublished":"2025-01-01T17:36:42+00:00","dateModified":"2025-03-05T12:11:51+00:00","breadcrumb":{"@id":"https:\/\/www.pallai.hu\/valtozas-tamogatas\/#breadcrumb"},"inLanguage":"en-US","potentialAction":[{"@type":"ReadAction","target":["https:\/\/www.pallai.hu\/valtozas-tamogatas\/"]}]},{"@type":"BreadcrumbList","@id":"https:\/\/www.pallai.hu\/valtozas-tamogatas\/#breadcrumb","itemListElement":[{"@type":"ListItem","position":1,"name":"Kezd\u0151lap","item":"https:\/\/www.pallai.hu\/en\/"},{"@type":"ListItem","position":2,"name":"Change Facilitation"}]},{"@type":"WebSite","@id":"https:\/\/www.pallai.hu\/#website","url":"https:\/\/www.pallai.hu\/","name":"Dr. Pallai Katalin | Vezet\u0151 k\u00e9pz\u00e9s | Etikus vezet\u00e9s | Szervezetfejleszt\u00e9s","description":"Dr. Pallai Katalin | Vezet\u0151 k\u00e9pz\u00e9s | Etikus vezet\u00e9s | Szervezetfejleszt\u00e9s","potentialAction":[{"@type":"SearchAction","target":{"@type":"EntryPoint","urlTemplate":"https:\/\/www.pallai.hu\/?s={search_term_string}"},"query-input":{"@type":"PropertyValueSpecification","valueRequired":true,"valueName":"search_term_string"}}],"inLanguage":"en-US"}]}},"_links":{"self":[{"href":"https:\/\/www.pallai.hu\/en\/wp-json\/wp\/v2\/pages\/1094","targetHints":{"allow":["GET"]}}],"collection":[{"href":"https:\/\/www.pallai.hu\/en\/wp-json\/wp\/v2\/pages"}],"about":[{"href":"https:\/\/www.pallai.hu\/en\/wp-json\/wp\/v2\/types\/page"}],"author":[{"embeddable":true,"href":"https:\/\/www.pallai.hu\/en\/wp-json\/wp\/v2\/users\/4"}],"replies":[{"embeddable":true,"href":"https:\/\/www.pallai.hu\/en\/wp-json\/wp\/v2\/comments?post=1094"}],"version-history":[{"count":6,"href":"https:\/\/www.pallai.hu\/en\/wp-json\/wp\/v2\/pages\/1094\/revisions"}],"predecessor-version":[{"id":1182,"href":"https:\/\/www.pallai.hu\/en\/wp-json\/wp\/v2\/pages\/1094\/revisions\/1182"}],"wp:attachment":[{"href":"https:\/\/www.pallai.hu\/en\/wp-json\/wp\/v2\/media?parent=1094"}],"curies":[{"name":"wp","href":"https:\/\/api.w.org\/{rel}","templated":true}]}}