{"id":911,"date":"2024-11-26T10:52:34","date_gmt":"2024-11-26T09:52:34","guid":{"rendered":"https:\/\/www.pallai.hu\/cart\/"},"modified":"2025-03-02T09:13:28","modified_gmt":"2025-03-02T08:13:28","slug":"cart","status":"publish","type":"page","link":"https:\/\/www.pallai.hu\/en\/cart\/","title":{"rendered":"Cart"},"content":{"rendered":"\n<div data-block-name=\"woocommerce\/cart\" class=\"wp-block-woocommerce-cart alignwide is-loading\">\n<div data-block-name=\"woocommerce\/filled-cart-block\" class=\"wp-block-woocommerce-filled-cart-block\">\n<div data-block-name=\"woocommerce\/cart-items-block\" class=\"wp-block-woocommerce-cart-items-block\">\n<div data-block-name=\"woocommerce\/cart-line-items-block\" class=\"wp-block-woocommerce-cart-line-items-block\"><\/div>\n\n\n\n<div data-block-name=\"woocommerce\/cart-cross-sells-block\" class=\"wp-block-woocommerce-cart-cross-sells-block\">\n<h2 class=\"wp-block-heading has-large-font-size\">Tal\u00e1n \u00e9rdekelhetnek ezek&#8230;<\/h2>\n\n\n\n<div data-block-name=\"woocommerce\/cart-cross-sells-products-block\" class=\"wp-block-woocommerce-cart-cross-sells-products-block\"><\/div>\n<\/div>\n<\/div>\n\n\n\n<div data-block-name=\"woocommerce\/cart-totals-block\" class=\"wp-block-woocommerce-cart-totals-block\">\n<div data-block-name=\"woocommerce\/cart-order-summary-block\" class=\"wp-block-woocommerce-cart-order-summary-block\">\n<div data-block-name=\"woocommerce\/cart-order-summary-heading-block\" class=\"wp-block-woocommerce-cart-order-summary-heading-block\"><\/div><div data-block-name=\"woocommerce\/cart-order-summary-coupon-form-block\" class=\"wp-block-woocommerce-cart-order-summary-coupon-form-block\"><\/div><div data-block-name=\"woocommerce\/cart-order-summary-totals-block\" class=\"wp-block-woocommerce-cart-order-summary-totals-block\">\n<div data-block-name=\"woocommerce\/cart-order-summary-subtotal-block\" class=\"wp-block-woocommerce-cart-order-summary-subtotal-block\"><\/div>\n<div data-block-name=\"woocommerce\/cart-order-summary-discount-block\" class=\"wp-block-woocommerce-cart-order-summary-discount-block\"><\/div>\n<div data-block-name=\"woocommerce\/cart-order-summary-fee-block\" class=\"wp-block-woocommerce-cart-order-summary-fee-block\"><\/div>\n<div data-block-name=\"woocommerce\/cart-order-summary-shipping-block\" class=\"wp-block-woocommerce-cart-order-summary-shipping-block\"><\/div>\n<div data-block-name=\"woocommerce\/cart-order-summary-taxes-block\" class=\"wp-block-woocommerce-cart-order-summary-taxes-block\"><\/div><\/div>\n<\/div>\n\n\n\n<div data-block-name=\"woocommerce\/cart-express-payment-block\" class=\"wp-block-woocommerce-cart-express-payment-block\"><\/div>\n\n\n\n<div data-block-name=\"woocommerce\/proceed-to-checkout-block\" class=\"wp-block-woocommerce-proceed-to-checkout-block\"><\/div>\n\n\n\n<div data-block-name=\"woocommerce\/cart-accepted-payment-methods-block\" class=\"wp-block-woocommerce-cart-accepted-payment-methods-block\"><\/div>\n<\/div>\n<\/div>\n\n\n\n<div data-block-name=\"woocommerce\/empty-cart-block\" class=\"wp-block-woocommerce-empty-cart-block\">\n<h2 class=\"wp-block-heading has-text-align-center with-empty-cart-icon wc-block-cart__empty-cart__title\">Jelenleg \u00fcres a kosarad.<\/h2>\n\n\n\n<hr class=\"wp-block-separator has-alpha-channel-opacity is-style-dots\"\/>\n\n\n\n<h2 class=\"wp-block-heading has-text-align-center\">\u00dajdons\u00e1gok<\/h2>\n\n\n<div data-block-name=\"woocommerce\/product-new\" data-columns=\"4\" data-rows=\"1\" class=\"wc-block-grid wp-block-product-new wp-block-woocommerce-product-new wc-block-product-new has-4-columns\"><ul class=\"wc-block-grid__products\"><li class=\"wc-block-grid__product\">\n\t\t\t\t<a href=\"https:\/\/www.pallai.hu\/termek\/etikus-dontesek-zurzavaros-idokben\/\" class=\"wc-block-grid__product-link\">\n\t\t\t\t\t\n\t\t\t\t\t<div class=\"wc-block-grid__product-image\"><img loading=\"lazy\" decoding=\"async\" width=\"300\" height=\"300\" src=\"https:\/\/www.pallai.hu\/wp-content\/uploads\/2025\/09\/Etikus_Dontesek_Trening-300x300.webp\" class=\"attachment-woocommerce_thumbnail size-woocommerce_thumbnail\" alt=\"Etikus d\u00f6nt\u00e9sek z\u0171rzavaros id\u0151kben\" \/><\/div>\n\t\t\t\t\t<div class=\"wc-block-grid__product-title\">Etikus d\u00f6nt\u00e9sek z\u0171rzavaros id\u0151kben<\/div>\n\t\t\t\t<\/a>\n\t\t\t\t<div class=\"wc-block-grid__product-price price\"><\/div>\n\t\t\t\t\n\t\t\t\t<div class=\"wp-block-button wc-block-grid__product-add-to-cart\"><a href=\"https:\/\/www.pallai.hu\/termek\/etikus-dontesek-zurzavaros-idokben\/\" aria-label=\"Read more about &ldquo;Etikus d\u00f6nt\u00e9sek z\u0171rzavaros id\u0151kben&rdquo;\" data-quantity=\"1\" data-product_id=\"2195\" data-product_sku=\"\" data-price=\"0\" rel=\"nofollow\" class=\"wp-block-button__link  add_to_cart_button\">Read more<\/a><\/div>\n\t\t\t<\/li><li class=\"wc-block-grid__product\">\n\t\t\t\t<a href=\"https:\/\/www.pallai.hu\/termek\/viselkedestudomany-a-vezetesben\/\" class=\"wc-block-grid__product-link\">\n\t\t\t\t\t\n\t\t\t\t\t<div class=\"wc-block-grid__product-image\"><img loading=\"lazy\" decoding=\"async\" width=\"300\" height=\"300\" src=\"https:\/\/www.pallai.hu\/wp-content\/uploads\/2025\/08\/Viselkedestudomany-Vezetesben_Trening-300x300.webp\" class=\"attachment-woocommerce_thumbnail size-woocommerce_thumbnail\" alt=\"Viselked\u00e9s-tudom\u00e1ny a vezet\u00e9sben\" \/><\/div>\n\t\t\t\t\t<div class=\"wc-block-grid__product-title\">Viselked\u00e9s-tudom\u00e1ny a vezet\u00e9sben<\/div>\n\t\t\t\t<\/a>\n\t\t\t\t<div class=\"wc-block-grid__product-price price\"><\/div>\n\t\t\t\t\n\t\t\t\t<div class=\"wp-block-button wc-block-grid__product-add-to-cart\"><a href=\"https:\/\/www.pallai.hu\/termek\/viselkedestudomany-a-vezetesben\/\" aria-label=\"Read more about &ldquo;Viselked\u00e9s-tudom\u00e1ny a vezet\u00e9sben&rdquo;\" data-quantity=\"1\" data-product_id=\"2179\" data-product_sku=\"\" data-price=\"0\" rel=\"nofollow\" class=\"wp-block-button__link  add_to_cart_button\">Read more<\/a><\/div>\n\t\t\t<\/li><li class=\"wc-block-grid__product\">\n\t\t\t\t<a href=\"https:\/\/www.pallai.hu\/termek\/pszichologiai-biztonsag\/\" class=\"wc-block-grid__product-link\">\n\t\t\t\t\t\n\t\t\t\t\t<div class=\"wc-block-grid__product-image\"><img loading=\"lazy\" decoding=\"async\" width=\"300\" height=\"300\" src=\"https:\/\/www.pallai.hu\/wp-content\/uploads\/2024\/12\/Pszichologiai_biztonsag_trening_main3-300x300.jpg\" class=\"attachment-woocommerce_thumbnail size-woocommerce_thumbnail\" alt=\"Pszichol\u00f3giai biztons\u00e1g\" \/><\/div>\n\t\t\t\t\t<div class=\"wc-block-grid__product-title\">Pszichol\u00f3giai biztons\u00e1g<\/div>\n\t\t\t\t<\/a>\n\t\t\t\t<div class=\"wc-block-grid__product-price price\"><\/div>\n\t\t\t\t\n\t\t\t\t<div class=\"wp-block-button wc-block-grid__product-add-to-cart\"><a href=\"https:\/\/www.pallai.hu\/termek\/pszichologiai-biztonsag\/\" aria-label=\"Read more about &ldquo;Pszichol\u00f3giai biztons\u00e1g&rdquo;\" data-quantity=\"1\" data-product_id=\"2163\" data-product_sku=\"\" data-price=\"0\" rel=\"nofollow\" class=\"wp-block-button__link  add_to_cart_button\">Read more<\/a><\/div>\n\t\t\t<\/li><li class=\"wc-block-grid__product\">\n\t\t\t\t<a href=\"https:\/\/www.pallai.hu\/termek\/hiteles-vezeto\/\" class=\"wc-block-grid__product-link\">\n\t\t\t\t\t\n\t\t\t\t\t<div class=\"wc-block-grid__product-image\"><img loading=\"lazy\" decoding=\"async\" width=\"300\" height=\"300\" src=\"https:\/\/www.pallai.hu\/wp-content\/uploads\/2025\/08\/HitelesVezeto_Trening-300x300.jpg\" class=\"attachment-woocommerce_thumbnail size-woocommerce_thumbnail\" alt=\"Hiteles Vezet\u0151\" \/><\/div>\n\t\t\t\t\t<div class=\"wc-block-grid__product-title\">Hiteles Vezet\u0151<\/div>\n\t\t\t\t<\/a>\n\t\t\t\t<div class=\"wc-block-grid__product-price price\"><\/div>\n\t\t\t\t\n\t\t\t\t<div class=\"wp-block-button wc-block-grid__product-add-to-cart\"><a href=\"https:\/\/www.pallai.hu\/termek\/hiteles-vezeto\/\" aria-label=\"Read more about &ldquo;Hiteles Vezet\u0151&rdquo;\" data-quantity=\"1\" data-product_id=\"2158\" data-product_sku=\"\" data-price=\"0\" rel=\"nofollow\" class=\"wp-block-button__link  add_to_cart_button\">Read more<\/a><\/div>\n\t\t\t<\/li><\/ul><\/div><\/div>\n<\/div>\n","protected":false},"excerpt":{"rendered":"","protected":false},"author":1,"featured_media":0,"parent":0,"menu_order":0,"comment_status":"closed","ping_status":"closed","template":"","meta":{"_acf_changed":false,"_et_pb_use_builder":"","_et_pb_old_content":"","_et_gb_content_width":"","inline_featured_image":false,"footnotes":""},"class_list":["post-911","page","type-page","status-publish","hentry"],"acf":[],"yoast_head":"<!-- This site is optimized with the Yoast SEO plugin v26.4 - https:\/\/yoast.com\/wordpress\/plugins\/seo\/ -->\n<title>Cart - Dr. Pallai Katalin | Vezet\u0151 k\u00e9pz\u00e9s | Etikus vezet\u00e9s | Szervezetfejleszt\u00e9s<\/title>\n<meta name=\"robots\" content=\"index, follow, max-snippet:-1, max-image-preview:large, max-video-preview:-1\" \/>\n<link rel=\"canonical\" href=\"https:\/\/www.pallai.hu\/kosar\/\" \/>\n<meta property=\"og:locale\" content=\"en_US\" \/>\n<meta property=\"og:type\" content=\"article\" \/>\n<meta property=\"og:title\" content=\"Cart - Dr. Pallai Katalin | Vezet\u0151 k\u00e9pz\u00e9s | Etikus vezet\u00e9s | Szervezetfejleszt\u00e9s\" \/>\n<meta property=\"og:url\" content=\"https:\/\/www.pallai.hu\/kosar\/\" \/>\n<meta property=\"og:site_name\" content=\"Dr. Pallai Katalin | Vezet\u0151 k\u00e9pz\u00e9s | Etikus vezet\u00e9s | Szervezetfejleszt\u00e9s\" \/>\n<meta property=\"article:modified_time\" content=\"2025-03-02T08:13:28+00:00\" \/>\n<meta name=\"twitter:card\" content=\"summary_large_image\" \/>\n<script type=\"application\/ld+json\" class=\"yoast-schema-graph\">{\"@context\":\"https:\/\/schema.org\",\"@graph\":[{\"@type\":\"WebPage\",\"@id\":\"https:\/\/www.pallai.hu\/kosar\/\",\"url\":\"https:\/\/www.pallai.hu\/kosar\/\",\"name\":\"Cart - Dr. Pallai Katalin | Vezet\u0151 k\u00e9pz\u00e9s | Etikus vezet\u00e9s | Szervezetfejleszt\u00e9s\",\"isPartOf\":{\"@id\":\"https:\/\/www.pallai.hu\/#website\"},\"datePublished\":\"2024-11-26T09:52:34+00:00\",\"dateModified\":\"2025-03-02T08:13:28+00:00\",\"breadcrumb\":{\"@id\":\"https:\/\/www.pallai.hu\/kosar\/#breadcrumb\"},\"inLanguage\":\"en-US\",\"potentialAction\":[{\"@type\":\"ReadAction\",\"target\":[\"https:\/\/www.pallai.hu\/kosar\/\"]}]},{\"@type\":\"BreadcrumbList\",\"@id\":\"https:\/\/www.pallai.hu\/kosar\/#breadcrumb\",\"itemListElement\":[{\"@type\":\"ListItem\",\"position\":1,\"name\":\"Kezd\u0151lap\",\"item\":\"https:\/\/www.pallai.hu\/en\/\"},{\"@type\":\"ListItem\",\"position\":2,\"name\":\"Cart\"}]},{\"@type\":\"WebSite\",\"@id\":\"https:\/\/www.pallai.hu\/#website\",\"url\":\"https:\/\/www.pallai.hu\/\",\"name\":\"Dr. Pallai Katalin | Vezet\u0151 k\u00e9pz\u00e9s | Etikus vezet\u00e9s | Szervezetfejleszt\u00e9s\",\"description\":\"Dr. Pallai Katalin | Vezet\u0151 k\u00e9pz\u00e9s | Etikus vezet\u00e9s | Szervezetfejleszt\u00e9s\",\"potentialAction\":[{\"@type\":\"SearchAction\",\"target\":{\"@type\":\"EntryPoint\",\"urlTemplate\":\"https:\/\/www.pallai.hu\/?s={search_term_string}\"},\"query-input\":{\"@type\":\"PropertyValueSpecification\",\"valueRequired\":true,\"valueName\":\"search_term_string\"}}],\"inLanguage\":\"en-US\"}]}<\/script>\n<!-- \/ Yoast SEO plugin. -->","yoast_head_json":{"title":"Cart - Dr. Pallai Katalin | Vezet\u0151 k\u00e9pz\u00e9s | Etikus vezet\u00e9s | Szervezetfejleszt\u00e9s","robots":{"index":"index","follow":"follow","max-snippet":"max-snippet:-1","max-image-preview":"max-image-preview:large","max-video-preview":"max-video-preview:-1"},"canonical":"https:\/\/www.pallai.hu\/kosar\/","og_locale":"en_US","og_type":"article","og_title":"Cart - Dr. Pallai Katalin | Vezet\u0151 k\u00e9pz\u00e9s | Etikus vezet\u00e9s | Szervezetfejleszt\u00e9s","og_url":"https:\/\/www.pallai.hu\/kosar\/","og_site_name":"Dr. Pallai Katalin | Vezet\u0151 k\u00e9pz\u00e9s | Etikus vezet\u00e9s | Szervezetfejleszt\u00e9s","article_modified_time":"2025-03-02T08:13:28+00:00","twitter_card":"summary_large_image","schema":{"@context":"https:\/\/schema.org","@graph":[{"@type":"WebPage","@id":"https:\/\/www.pallai.hu\/kosar\/","url":"https:\/\/www.pallai.hu\/kosar\/","name":"Cart - Dr. Pallai Katalin | Vezet\u0151 k\u00e9pz\u00e9s | Etikus vezet\u00e9s | Szervezetfejleszt\u00e9s","isPartOf":{"@id":"https:\/\/www.pallai.hu\/#website"},"datePublished":"2024-11-26T09:52:34+00:00","dateModified":"2025-03-02T08:13:28+00:00","breadcrumb":{"@id":"https:\/\/www.pallai.hu\/kosar\/#breadcrumb"},"inLanguage":"en-US","potentialAction":[{"@type":"ReadAction","target":["https:\/\/www.pallai.hu\/kosar\/"]}]},{"@type":"BreadcrumbList","@id":"https:\/\/www.pallai.hu\/kosar\/#breadcrumb","itemListElement":[{"@type":"ListItem","position":1,"name":"Kezd\u0151lap","item":"https:\/\/www.pallai.hu\/en\/"},{"@type":"ListItem","position":2,"name":"Cart"}]},{"@type":"WebSite","@id":"https:\/\/www.pallai.hu\/#website","url":"https:\/\/www.pallai.hu\/","name":"Dr. Pallai Katalin | Vezet\u0151 k\u00e9pz\u00e9s | Etikus vezet\u00e9s | Szervezetfejleszt\u00e9s","description":"Dr. Pallai Katalin | Vezet\u0151 k\u00e9pz\u00e9s | Etikus vezet\u00e9s | Szervezetfejleszt\u00e9s","potentialAction":[{"@type":"SearchAction","target":{"@type":"EntryPoint","urlTemplate":"https:\/\/www.pallai.hu\/?s={search_term_string}"},"query-input":{"@type":"PropertyValueSpecification","valueRequired":true,"valueName":"search_term_string"}}],"inLanguage":"en-US"}]}},"_links":{"self":[{"href":"https:\/\/www.pallai.hu\/en\/wp-json\/wp\/v2\/pages\/911","targetHints":{"allow":["GET"]}}],"collection":[{"href":"https:\/\/www.pallai.hu\/en\/wp-json\/wp\/v2\/pages"}],"about":[{"href":"https:\/\/www.pallai.hu\/en\/wp-json\/wp\/v2\/types\/page"}],"author":[{"embeddable":true,"href":"https:\/\/www.pallai.hu\/en\/wp-json\/wp\/v2\/users\/1"}],"replies":[{"embeddable":true,"href":"https:\/\/www.pallai.hu\/en\/wp-json\/wp\/v2\/comments?post=911"}],"version-history":[{"count":0,"href":"https:\/\/www.pallai.hu\/en\/wp-json\/wp\/v2\/pages\/911\/revisions"}],"wp:attachment":[{"href":"https:\/\/www.pallai.hu\/en\/wp-json\/wp\/v2\/media?parent=911"}],"curies":[{"name":"wp","href":"https:\/\/api.w.org\/{rel}","templated":true}]}}