{"id":1092,"date":"2025-01-09T20:51:00","date_gmt":"2025-01-09T19:51:00","guid":{"rendered":"https:\/\/www.pallai.hu\/?post_type=product&#038;p=1092"},"modified":"2025-03-02T15:03:25","modified_gmt":"2025-03-02T14:03:25","slug":"organizational-integrity","status":"publish","type":"product","link":"https:\/\/www.pallai.hu\/en\/termek\/organizational-integrity\/","title":{"rendered":"Organizational Integrity"},"content":{"rendered":"<p>[et_pb_section fb_built=&#8221;1&#8243; _builder_version=&#8221;4.16&#8243; custom_padding=&#8221;0px||||false|false&#8221; global_colors_info=&#8221;{}&#8221;][et_pb_row _builder_version=&#8221;4.16&#8243; background_size=&#8221;initial&#8221; background_position=&#8221;top_left&#8221; background_repeat=&#8221;repeat&#8221; width=&#8221;100%&#8221; custom_padding=&#8221;0px||0px||false|false&#8221; global_colors_info=&#8221;{}&#8221;][et_pb_column type=&#8221;4_4&#8243; _builder_version=&#8221;4.16&#8243; custom_padding=&#8221;|||&#8221; global_colors_info=&#8221;{}&#8221; custom_padding__hover=&#8221;|||&#8221;][et_pb_wc_breadcrumb _builder_version=&#8221;4.16&#8243; global_colors_info=&#8221;{}&#8221;][\/et_pb_wc_breadcrumb][et_pb_wc_cart_notice _builder_version=&#8221;4.16&#8243; global_colors_info=&#8221;{}&#8221;][\/et_pb_wc_cart_notice][\/et_pb_column][\/et_pb_row][et_pb_row column_structure=&#8221;1_2,1_2&#8243; _builder_version=&#8221;4.16&#8243; background_size=&#8221;initial&#8221; background_position=&#8221;top_left&#8221; background_repeat=&#8221;repeat&#8221; width=&#8221;100%&#8221; custom_padding=&#8221;0px||||false|false&#8221; collapsed=&#8221;on&#8221; global_colors_info=&#8221;{}&#8221;][et_pb_column type=&#8221;1_2&#8243; _builder_version=&#8221;4.16&#8243; custom_padding=&#8221;|||&#8221; global_colors_info=&#8221;{}&#8221; custom_padding__hover=&#8221;|||&#8221;][et_pb_wc_images admin_label=&#8221;Woo Product Images&#8221; _builder_version=&#8221;4.16&#8243; global_colors_info=&#8221;{}&#8221;][\/et_pb_wc_images][\/et_pb_column][et_pb_column type=&#8221;1_2&#8243; _builder_version=&#8221;4.16&#8243; custom_padding=&#8221;|||&#8221; global_colors_info=&#8221;{}&#8221; custom_padding__hover=&#8221;|||&#8221;][et_pb_wc_title _builder_version=&#8221;4.16&#8243; global_colors_info=&#8221;{}&#8221;][\/et_pb_wc_title][et_pb_wc_rating _builder_version=&#8221;4.16&#8243; global_colors_info=&#8221;{}&#8221;][\/et_pb_wc_rating][et_pb_wc_price _builder_version=&#8221;4.16&#8243; global_colors_info=&#8221;{}&#8221;][\/et_pb_wc_price][et_pb_wc_description _builder_version=&#8221;4.16&#8243; global_colors_info=&#8221;{}&#8221;][\/et_pb_wc_description][et_pb_wc_add_to_cart _builder_version=&#8221;4.16&#8243; global_colors_info=&#8221;{}&#8221;][\/et_pb_wc_add_to_cart][et_pb_wc_meta _builder_version=&#8221;4.16&#8243; global_colors_info=&#8221;{}&#8221;][\/et_pb_wc_meta][\/et_pb_column][\/et_pb_row][et_pb_row _builder_version=&#8221;4.16&#8243; background_size=&#8221;initial&#8221; background_position=&#8221;top_left&#8221; background_repeat=&#8221;repeat&#8221; width=&#8221;100%&#8221; global_colors_info=&#8221;{}&#8221;][et_pb_column type=&#8221;4_4&#8243; _builder_version=&#8221;4.16&#8243; custom_padding=&#8221;|||&#8221; global_colors_info=&#8221;{}&#8221; custom_padding__hover=&#8221;|||&#8221;][et_pb_wc_tabs admin_label=&#8221;Woo term\u00e9klapok&#8221; _builder_version=&#8221;4.16&#8243; global_colors_info=&#8221;{}&#8221;] [\/et_pb_wc_tabs][et_pb_wc_upsells admin_label=&#8221;Woo term\u00e9k fel\u00e1r&#8221; _builder_version=&#8221;4.16&#8243; global_colors_info=&#8221;{}&#8221;][\/et_pb_wc_upsells][et_pb_wc_related_products _builder_version=&#8221;4.16&#8243; global_colors_info=&#8221;{}&#8221;][\/et_pb_wc_related_products][\/et_pb_column][\/et_pb_row][\/et_pb_section]<\/p>\n","protected":false},"excerpt":{"rendered":"<p><span style=\"font-weight: 400;\">What does it take for an organization to truly live its values and achieve its goals?<\/span><\/p>\n<p><span style=\"font-weight: 400;\">This presentation offers a systems-based perspective and practical tools to help align organizational values, structures, processes, and culture, so that they work together to support the organization\u2019s purpose and performance.<\/span><\/p>\n","protected":false},"featured_media":1007,"comment_status":"open","ping_status":"closed","template":"","meta":{"_acf_changed":false,"_et_pb_use_builder":"on","_et_pb_old_content":"[et_pb_section fb_built=\"1\" _builder_version=\"4.16\" custom_padding=\"0px||||false|false\" global_colors_info=\"{}\"][et_pb_row _builder_version=\"4.16\" background_size=\"initial\" background_position=\"top_left\" background_repeat=\"repeat\" width=\"100%\" custom_padding=\"0px||0px||false|false\" global_colors_info=\"{}\"][et_pb_column type=\"4_4\" _builder_version=\"4.16\" custom_padding=\"|||\" global_colors_info=\"{}\" custom_padding__hover=\"|||\"][et_pb_wc_breadcrumb _builder_version=\"4.16\" global_colors_info=\"{}\"][\/et_pb_wc_breadcrumb][et_pb_wc_cart_notice _builder_version=\"4.16\" global_colors_info=\"{}\"][\/et_pb_wc_cart_notice][\/et_pb_column][\/et_pb_row][et_pb_row column_structure=\"1_2,1_2\" _builder_version=\"4.16\" background_size=\"initial\" background_position=\"top_left\" background_repeat=\"repeat\" width=\"100%\" custom_padding=\"0px||||false|false\" collapsed=\"on\" global_colors_info=\"{}\"][et_pb_column type=\"1_2\" _builder_version=\"4.16\" custom_padding=\"|||\" global_colors_info=\"{}\" custom_padding__hover=\"|||\"][et_pb_wc_images admin_label=\"Woo Product Images\" _builder_version=\"4.16\" global_colors_info=\"{}\"][\/et_pb_wc_images][\/et_pb_column][et_pb_column type=\"1_2\" _builder_version=\"4.16\" custom_padding=\"|||\" global_colors_info=\"{}\" custom_padding__hover=\"|||\"][et_pb_wc_title _builder_version=\"4.16\" global_colors_info=\"{}\"][\/et_pb_wc_title][et_pb_wc_rating _builder_version=\"4.16\" global_colors_info=\"{}\"][\/et_pb_wc_rating][et_pb_wc_price _builder_version=\"4.16\" global_colors_info=\"{}\"][\/et_pb_wc_price][et_pb_wc_description _builder_version=\"4.16\" global_colors_info=\"{}\"][\/et_pb_wc_description][et_pb_wc_add_to_cart _builder_version=\"4.16\" global_colors_info=\"{}\"][\/et_pb_wc_add_to_cart][et_pb_wc_meta _builder_version=\"4.16\" global_colors_info=\"{}\"][\/et_pb_wc_meta][\/et_pb_column][\/et_pb_row][et_pb_row _builder_version=\"4.16\" background_size=\"initial\" background_position=\"top_left\" background_repeat=\"repeat\" width=\"100%\" global_colors_info=\"{}\"][et_pb_column type=\"4_4\" _builder_version=\"4.16\" custom_padding=\"|||\" global_colors_info=\"{}\" custom_padding__hover=\"|||\"][et_pb_wc_tabs admin_label=\"Woo term\u00e9klapok\" _builder_version=\"4.16\" global_colors_info=\"{}\"] [\/et_pb_wc_tabs][et_pb_wc_upsells admin_label=\"Woo term\u00e9k fel\u00e1r\" _builder_version=\"4.16\" global_colors_info=\"{}\"][\/et_pb_wc_upsells][et_pb_wc_related_products _builder_version=\"4.16\" global_colors_info=\"{}\"][\/et_pb_wc_related_products][\/et_pb_column][\/et_pb_row][\/et_pb_section]","_et_gb_content_width":"","inline_featured_image":false},"product_brand":[],"product_cat":[77],"product_tag":[],"class_list":{"0":"post-1092","1":"product","2":"type-product","3":"status-publish","4":"has-post-thumbnail","6":"product_cat-expert-talks","8":"first","9":"instock","10":"virtual","11":"product-type-simple"},"acf":[],"yoast_head":"<!-- This site is optimized with the Yoast SEO plugin v26.4 - https:\/\/yoast.com\/wordpress\/plugins\/seo\/ -->\n<title>Organizational Integrity - Dr. Pallai Katalin | Vezet\u0151 k\u00e9pz\u00e9s | Etikus vezet\u00e9s | Szervezetfejleszt\u00e9s<\/title>\n<meta name=\"robots\" content=\"index, follow, max-snippet:-1, max-image-preview:large, max-video-preview:-1\" \/>\n<link rel=\"canonical\" href=\"https:\/\/www.pallai.hu\/termek\/szervezeti-integritas\/\" \/>\n<meta property=\"og:locale\" content=\"en_US\" \/>\n<meta property=\"og:type\" content=\"article\" \/>\n<meta property=\"og:title\" content=\"Organizational Integrity - Dr. Pallai Katalin | Vezet\u0151 k\u00e9pz\u00e9s | Etikus vezet\u00e9s | Szervezetfejleszt\u00e9s\" \/>\n<meta property=\"og:description\" content=\"What does it take for an organization to truly live its values and achieve its goals?  This presentation offers a systems-based perspective and practical tools to help align organizational values, structures, processes, and culture, so that they work together to support the organization\u2019s purpose and performance.\" \/>\n<meta property=\"og:url\" content=\"https:\/\/www.pallai.hu\/termek\/szervezeti-integritas\/\" \/>\n<meta property=\"og:site_name\" content=\"Dr. Pallai Katalin | Vezet\u0151 k\u00e9pz\u00e9s | Etikus vezet\u00e9s | Szervezetfejleszt\u00e9s\" \/>\n<meta property=\"article:modified_time\" content=\"2025-03-02T14:03:25+00:00\" \/>\n<meta property=\"og:image\" content=\"https:\/\/www.pallai.hu\/wp-content\/uploads\/2025\/01\/SzervezetiIntegritas.jpg\" \/>\n\t<meta property=\"og:image:width\" content=\"1920\" \/>\n\t<meta property=\"og:image:height\" content=\"1371\" \/>\n\t<meta property=\"og:image:type\" content=\"image\/jpeg\" \/>\n<meta name=\"twitter:card\" content=\"summary_large_image\" \/>\n<meta name=\"twitter:label1\" content=\"Est. reading time\" \/>\n\t<meta name=\"twitter:data1\" content=\"2 minutes\" \/>\n<script type=\"application\/ld+json\" class=\"yoast-schema-graph\">{\"@context\":\"https:\/\/schema.org\",\"@graph\":[{\"@type\":\"WebPage\",\"@id\":\"https:\/\/www.pallai.hu\/termek\/szervezeti-integritas\/\",\"url\":\"https:\/\/www.pallai.hu\/termek\/szervezeti-integritas\/\",\"name\":\"Organizational Integrity - Dr. Pallai Katalin | Vezet\u0151 k\u00e9pz\u00e9s | Etikus vezet\u00e9s | Szervezetfejleszt\u00e9s\",\"isPartOf\":{\"@id\":\"https:\/\/www.pallai.hu\/#website\"},\"primaryImageOfPage\":{\"@id\":\"https:\/\/www.pallai.hu\/termek\/szervezeti-integritas\/#primaryimage\"},\"image\":{\"@id\":\"https:\/\/www.pallai.hu\/termek\/szervezeti-integritas\/#primaryimage\"},\"thumbnailUrl\":\"https:\/\/www.pallai.hu\/wp-content\/uploads\/2025\/01\/SzervezetiIntegritas.jpg\",\"datePublished\":\"2025-01-09T19:51:00+00:00\",\"dateModified\":\"2025-03-02T14:03:25+00:00\",\"breadcrumb\":{\"@id\":\"https:\/\/www.pallai.hu\/termek\/szervezeti-integritas\/#breadcrumb\"},\"inLanguage\":\"en-US\",\"potentialAction\":[{\"@type\":\"ReadAction\",\"target\":[\"https:\/\/www.pallai.hu\/termek\/szervezeti-integritas\/\"]}]},{\"@type\":\"ImageObject\",\"inLanguage\":\"en-US\",\"@id\":\"https:\/\/www.pallai.hu\/termek\/szervezeti-integritas\/#primaryimage\",\"url\":\"https:\/\/www.pallai.hu\/wp-content\/uploads\/2025\/01\/SzervezetiIntegritas.jpg\",\"contentUrl\":\"https:\/\/www.pallai.hu\/wp-content\/uploads\/2025\/01\/SzervezetiIntegritas.jpg\",\"width\":1920,\"height\":1371},{\"@type\":\"BreadcrumbList\",\"@id\":\"https:\/\/www.pallai.hu\/termek\/szervezeti-integritas\/#breadcrumb\",\"itemListElement\":[{\"@type\":\"ListItem\",\"position\":1,\"name\":\"Kezd\u0151lap\",\"item\":\"https:\/\/www.pallai.hu\/en\/\"},{\"@type\":\"ListItem\",\"position\":2,\"name\":\"Shop\",\"item\":\"https:\/\/www.pallai.hu\/uzlet\/\"},{\"@type\":\"ListItem\",\"position\":3,\"name\":\"Organizational Integrity\"}]},{\"@type\":\"WebSite\",\"@id\":\"https:\/\/www.pallai.hu\/#website\",\"url\":\"https:\/\/www.pallai.hu\/\",\"name\":\"Dr. Pallai Katalin | Vezet\u0151 k\u00e9pz\u00e9s | Etikus vezet\u00e9s | Szervezetfejleszt\u00e9s\",\"description\":\"Dr. Pallai Katalin | Vezet\u0151 k\u00e9pz\u00e9s | Etikus vezet\u00e9s | Szervezetfejleszt\u00e9s\",\"potentialAction\":[{\"@type\":\"SearchAction\",\"target\":{\"@type\":\"EntryPoint\",\"urlTemplate\":\"https:\/\/www.pallai.hu\/?s={search_term_string}\"},\"query-input\":{\"@type\":\"PropertyValueSpecification\",\"valueRequired\":true,\"valueName\":\"search_term_string\"}}],\"inLanguage\":\"en-US\"}]}<\/script>\n<!-- \/ Yoast SEO plugin. -->","yoast_head_json":{"title":"Organizational Integrity - Dr. Pallai Katalin | Vezet\u0151 k\u00e9pz\u00e9s | Etikus vezet\u00e9s | Szervezetfejleszt\u00e9s","robots":{"index":"index","follow":"follow","max-snippet":"max-snippet:-1","max-image-preview":"max-image-preview:large","max-video-preview":"max-video-preview:-1"},"canonical":"https:\/\/www.pallai.hu\/termek\/szervezeti-integritas\/","og_locale":"en_US","og_type":"article","og_title":"Organizational Integrity - Dr. Pallai Katalin | Vezet\u0151 k\u00e9pz\u00e9s | Etikus vezet\u00e9s | Szervezetfejleszt\u00e9s","og_description":"What does it take for an organization to truly live its values and achieve its goals?  This presentation offers a systems-based perspective and practical tools to help align organizational values, structures, processes, and culture, so that they work together to support the organization\u2019s purpose and performance.","og_url":"https:\/\/www.pallai.hu\/termek\/szervezeti-integritas\/","og_site_name":"Dr. Pallai Katalin | Vezet\u0151 k\u00e9pz\u00e9s | Etikus vezet\u00e9s | Szervezetfejleszt\u00e9s","article_modified_time":"2025-03-02T14:03:25+00:00","og_image":[{"width":1920,"height":1371,"url":"https:\/\/www.pallai.hu\/wp-content\/uploads\/2025\/01\/SzervezetiIntegritas.jpg","type":"image\/jpeg"}],"twitter_card":"summary_large_image","twitter_misc":{"Est. reading time":"2 minutes"},"schema":{"@context":"https:\/\/schema.org","@graph":[{"@type":"WebPage","@id":"https:\/\/www.pallai.hu\/termek\/szervezeti-integritas\/","url":"https:\/\/www.pallai.hu\/termek\/szervezeti-integritas\/","name":"Organizational Integrity - Dr. Pallai Katalin | Vezet\u0151 k\u00e9pz\u00e9s | Etikus vezet\u00e9s | Szervezetfejleszt\u00e9s","isPartOf":{"@id":"https:\/\/www.pallai.hu\/#website"},"primaryImageOfPage":{"@id":"https:\/\/www.pallai.hu\/termek\/szervezeti-integritas\/#primaryimage"},"image":{"@id":"https:\/\/www.pallai.hu\/termek\/szervezeti-integritas\/#primaryimage"},"thumbnailUrl":"https:\/\/www.pallai.hu\/wp-content\/uploads\/2025\/01\/SzervezetiIntegritas.jpg","datePublished":"2025-01-09T19:51:00+00:00","dateModified":"2025-03-02T14:03:25+00:00","breadcrumb":{"@id":"https:\/\/www.pallai.hu\/termek\/szervezeti-integritas\/#breadcrumb"},"inLanguage":"en-US","potentialAction":[{"@type":"ReadAction","target":["https:\/\/www.pallai.hu\/termek\/szervezeti-integritas\/"]}]},{"@type":"ImageObject","inLanguage":"en-US","@id":"https:\/\/www.pallai.hu\/termek\/szervezeti-integritas\/#primaryimage","url":"https:\/\/www.pallai.hu\/wp-content\/uploads\/2025\/01\/SzervezetiIntegritas.jpg","contentUrl":"https:\/\/www.pallai.hu\/wp-content\/uploads\/2025\/01\/SzervezetiIntegritas.jpg","width":1920,"height":1371},{"@type":"BreadcrumbList","@id":"https:\/\/www.pallai.hu\/termek\/szervezeti-integritas\/#breadcrumb","itemListElement":[{"@type":"ListItem","position":1,"name":"Kezd\u0151lap","item":"https:\/\/www.pallai.hu\/en\/"},{"@type":"ListItem","position":2,"name":"Shop","item":"https:\/\/www.pallai.hu\/uzlet\/"},{"@type":"ListItem","position":3,"name":"Organizational Integrity"}]},{"@type":"WebSite","@id":"https:\/\/www.pallai.hu\/#website","url":"https:\/\/www.pallai.hu\/","name":"Dr. Pallai Katalin | Vezet\u0151 k\u00e9pz\u00e9s | Etikus vezet\u00e9s | Szervezetfejleszt\u00e9s","description":"Dr. Pallai Katalin | Vezet\u0151 k\u00e9pz\u00e9s | Etikus vezet\u00e9s | Szervezetfejleszt\u00e9s","potentialAction":[{"@type":"SearchAction","target":{"@type":"EntryPoint","urlTemplate":"https:\/\/www.pallai.hu\/?s={search_term_string}"},"query-input":{"@type":"PropertyValueSpecification","valueRequired":true,"valueName":"search_term_string"}}],"inLanguage":"en-US"}]}},"_links":{"self":[{"href":"https:\/\/www.pallai.hu\/en\/wp-json\/wp\/v2\/product\/1092","targetHints":{"allow":["GET"]}}],"collection":[{"href":"https:\/\/www.pallai.hu\/en\/wp-json\/wp\/v2\/product"}],"about":[{"href":"https:\/\/www.pallai.hu\/en\/wp-json\/wp\/v2\/types\/product"}],"replies":[{"embeddable":true,"href":"https:\/\/www.pallai.hu\/en\/wp-json\/wp\/v2\/comments?post=1092"}],"wp:featuredmedia":[{"embeddable":true,"href":"https:\/\/www.pallai.hu\/en\/wp-json\/wp\/v2\/media\/1007"}],"wp:attachment":[{"href":"https:\/\/www.pallai.hu\/en\/wp-json\/wp\/v2\/media?parent=1092"}],"wp:term":[{"taxonomy":"product_brand","embeddable":true,"href":"https:\/\/www.pallai.hu\/en\/wp-json\/wp\/v2\/product_brand?post=1092"},{"taxonomy":"product_cat","embeddable":true,"href":"https:\/\/www.pallai.hu\/en\/wp-json\/wp\/v2\/product_cat?post=1092"},{"taxonomy":"product_tag","embeddable":true,"href":"https:\/\/www.pallai.hu\/en\/wp-json\/wp\/v2\/product_tag?post=1092"}],"curies":[{"name":"wp","href":"https:\/\/api.w.org\/{rel}","templated":true}]}}