{"id":2171,"date":"2025-08-01T01:19:03","date_gmt":"2025-07-31T23:19:03","guid":{"rendered":"https:\/\/www.pallai.hu\/?post_type=product&#038;p=2171"},"modified":"2025-08-01T11:38:44","modified_gmt":"2025-08-01T09:38:44","slug":"psychological-safety","status":"publish","type":"product","link":"https:\/\/www.pallai.hu\/en\/termek\/psychological-safety\/","title":{"rendered":"Psychological Safety"},"content":{"rendered":"<p>Psychological safety means a space where people feel free to speak up, ask questions, share doubts and ideas, and even admit mistakes without fear. It\u2019s become one of the most important topics in leadership and organizational development because it is a key driver of high performance, innovation, and learning.<\/p>\n","protected":false},"excerpt":{"rendered":"<p>Psychological safety means a space where people feel free to speak up, ask questions, share doubts and ideas, and even admit mistakes without fear. It\u2019s become one of the most important topics in leadership and organizational development because it is a key driver of high performance, innovation, and learning.<\/p>\n","protected":false},"featured_media":1017,"comment_status":"closed","ping_status":"closed","template":"","meta":{"_acf_changed":false,"_et_pb_use_builder":"","_et_pb_old_content":"","_et_gb_content_width":"","inline_featured_image":false},"product_brand":[],"product_cat":[77],"product_tag":[],"class_list":{"0":"post-2171","1":"product","2":"type-product","3":"status-publish","4":"has-post-thumbnail","6":"product_cat-expert-talks","8":"first","9":"instock","10":"shipping-taxable","11":"product-type-simple"},"acf":[],"yoast_head":"<!-- This site is optimized with the Yoast SEO plugin v26.4 - https:\/\/yoast.com\/wordpress\/plugins\/seo\/ -->\n<title>Psychological Safety - Dr. Pallai Katalin | Vezet\u0151 k\u00e9pz\u00e9s | Etikus vezet\u00e9s | Szervezetfejleszt\u00e9s<\/title>\n<meta name=\"robots\" content=\"index, follow, max-snippet:-1, max-image-preview:large, max-video-preview:-1\" \/>\n<link rel=\"canonical\" href=\"https:\/\/www.pallai.hu\/en\/termek\/psychological-safety\/\" \/>\n<meta property=\"og:locale\" content=\"en_US\" \/>\n<meta property=\"og:type\" content=\"article\" \/>\n<meta property=\"og:title\" content=\"Psychological Safety - Dr. Pallai Katalin | Vezet\u0151 k\u00e9pz\u00e9s | Etikus vezet\u00e9s | Szervezetfejleszt\u00e9s\" \/>\n<meta property=\"og:description\" content=\"Psychological safety means a space where people feel free to speak up, ask questions, share doubts and ideas, and even admit mistakes without fear. It\u2019s become one of the most important topics in leadership and organizational development because it is a key driver of high performance, innovation, and learning.\" \/>\n<meta property=\"og:url\" content=\"https:\/\/www.pallai.hu\/en\/termek\/psychological-safety\/\" \/>\n<meta property=\"og:site_name\" content=\"Dr. Pallai Katalin | Vezet\u0151 k\u00e9pz\u00e9s | Etikus vezet\u00e9s | Szervezetfejleszt\u00e9s\" \/>\n<meta property=\"article:modified_time\" content=\"2025-08-01T09:38:44+00:00\" \/>\n<meta property=\"og:image\" content=\"https:\/\/www.pallai.hu\/wp-content\/uploads\/2024\/12\/Pszichologiai_biztonsag_trening_main3.jpg\" \/>\n\t<meta property=\"og:image:width\" content=\"1920\" \/>\n\t<meta property=\"og:image:height\" content=\"1120\" \/>\n\t<meta property=\"og:image:type\" content=\"image\/jpeg\" \/>\n<meta name=\"twitter:card\" content=\"summary_large_image\" \/>\n<meta name=\"twitter:label1\" content=\"Est. reading time\" \/>\n\t<meta name=\"twitter:data1\" content=\"1 minute\" \/>\n<script type=\"application\/ld+json\" class=\"yoast-schema-graph\">{\"@context\":\"https:\/\/schema.org\",\"@graph\":[{\"@type\":\"WebPage\",\"@id\":\"https:\/\/www.pallai.hu\/en\/termek\/psychological-safety\/\",\"url\":\"https:\/\/www.pallai.hu\/en\/termek\/psychological-safety\/\",\"name\":\"Psychological Safety - Dr. Pallai Katalin | Vezet\u0151 k\u00e9pz\u00e9s | Etikus vezet\u00e9s | Szervezetfejleszt\u00e9s\",\"isPartOf\":{\"@id\":\"https:\/\/www.pallai.hu\/#website\"},\"primaryImageOfPage\":{\"@id\":\"https:\/\/www.pallai.hu\/en\/termek\/psychological-safety\/#primaryimage\"},\"image\":{\"@id\":\"https:\/\/www.pallai.hu\/en\/termek\/psychological-safety\/#primaryimage\"},\"thumbnailUrl\":\"https:\/\/www.pallai.hu\/wp-content\/uploads\/2024\/12\/Pszichologiai_biztonsag_trening_main3.jpg\",\"datePublished\":\"2025-07-31T23:19:03+00:00\",\"dateModified\":\"2025-08-01T09:38:44+00:00\",\"breadcrumb\":{\"@id\":\"https:\/\/www.pallai.hu\/en\/termek\/psychological-safety\/#breadcrumb\"},\"inLanguage\":\"en-US\",\"potentialAction\":[{\"@type\":\"ReadAction\",\"target\":[\"https:\/\/www.pallai.hu\/en\/termek\/psychological-safety\/\"]}]},{\"@type\":\"ImageObject\",\"inLanguage\":\"en-US\",\"@id\":\"https:\/\/www.pallai.hu\/en\/termek\/psychological-safety\/#primaryimage\",\"url\":\"https:\/\/www.pallai.hu\/wp-content\/uploads\/2024\/12\/Pszichologiai_biztonsag_trening_main3.jpg\",\"contentUrl\":\"https:\/\/www.pallai.hu\/wp-content\/uploads\/2024\/12\/Pszichologiai_biztonsag_trening_main3.jpg\",\"width\":1920,\"height\":1120},{\"@type\":\"BreadcrumbList\",\"@id\":\"https:\/\/www.pallai.hu\/en\/termek\/psychological-safety\/#breadcrumb\",\"itemListElement\":[{\"@type\":\"ListItem\",\"position\":1,\"name\":\"Kezd\u0151lap\",\"item\":\"https:\/\/www.pallai.hu\/en\/\"},{\"@type\":\"ListItem\",\"position\":2,\"name\":\"Shop\",\"item\":\"https:\/\/www.pallai.hu\/uzlet\/\"},{\"@type\":\"ListItem\",\"position\":3,\"name\":\"Psychological Safety\"}]},{\"@type\":\"WebSite\",\"@id\":\"https:\/\/www.pallai.hu\/#website\",\"url\":\"https:\/\/www.pallai.hu\/\",\"name\":\"Dr. Pallai Katalin | Vezet\u0151 k\u00e9pz\u00e9s | Etikus vezet\u00e9s | Szervezetfejleszt\u00e9s\",\"description\":\"Dr. Pallai Katalin | Vezet\u0151 k\u00e9pz\u00e9s | Etikus vezet\u00e9s | Szervezetfejleszt\u00e9s\",\"potentialAction\":[{\"@type\":\"SearchAction\",\"target\":{\"@type\":\"EntryPoint\",\"urlTemplate\":\"https:\/\/www.pallai.hu\/?s={search_term_string}\"},\"query-input\":{\"@type\":\"PropertyValueSpecification\",\"valueRequired\":true,\"valueName\":\"search_term_string\"}}],\"inLanguage\":\"en-US\"}]}<\/script>\n<!-- \/ Yoast SEO plugin. -->","yoast_head_json":{"title":"Psychological Safety - Dr. Pallai Katalin | Vezet\u0151 k\u00e9pz\u00e9s | Etikus vezet\u00e9s | Szervezetfejleszt\u00e9s","robots":{"index":"index","follow":"follow","max-snippet":"max-snippet:-1","max-image-preview":"max-image-preview:large","max-video-preview":"max-video-preview:-1"},"canonical":"https:\/\/www.pallai.hu\/en\/termek\/psychological-safety\/","og_locale":"en_US","og_type":"article","og_title":"Psychological Safety - Dr. Pallai Katalin | Vezet\u0151 k\u00e9pz\u00e9s | Etikus vezet\u00e9s | Szervezetfejleszt\u00e9s","og_description":"Psychological safety means a space where people feel free to speak up, ask questions, share doubts and ideas, and even admit mistakes without fear. It\u2019s become one of the most important topics in leadership and organizational development because it is a key driver of high performance, innovation, and learning.","og_url":"https:\/\/www.pallai.hu\/en\/termek\/psychological-safety\/","og_site_name":"Dr. Pallai Katalin | Vezet\u0151 k\u00e9pz\u00e9s | Etikus vezet\u00e9s | Szervezetfejleszt\u00e9s","article_modified_time":"2025-08-01T09:38:44+00:00","og_image":[{"width":1920,"height":1120,"url":"https:\/\/www.pallai.hu\/wp-content\/uploads\/2024\/12\/Pszichologiai_biztonsag_trening_main3.jpg","type":"image\/jpeg"}],"twitter_card":"summary_large_image","twitter_misc":{"Est. reading time":"1 minute"},"schema":{"@context":"https:\/\/schema.org","@graph":[{"@type":"WebPage","@id":"https:\/\/www.pallai.hu\/en\/termek\/psychological-safety\/","url":"https:\/\/www.pallai.hu\/en\/termek\/psychological-safety\/","name":"Psychological Safety - Dr. Pallai Katalin | Vezet\u0151 k\u00e9pz\u00e9s | Etikus vezet\u00e9s | Szervezetfejleszt\u00e9s","isPartOf":{"@id":"https:\/\/www.pallai.hu\/#website"},"primaryImageOfPage":{"@id":"https:\/\/www.pallai.hu\/en\/termek\/psychological-safety\/#primaryimage"},"image":{"@id":"https:\/\/www.pallai.hu\/en\/termek\/psychological-safety\/#primaryimage"},"thumbnailUrl":"https:\/\/www.pallai.hu\/wp-content\/uploads\/2024\/12\/Pszichologiai_biztonsag_trening_main3.jpg","datePublished":"2025-07-31T23:19:03+00:00","dateModified":"2025-08-01T09:38:44+00:00","breadcrumb":{"@id":"https:\/\/www.pallai.hu\/en\/termek\/psychological-safety\/#breadcrumb"},"inLanguage":"en-US","potentialAction":[{"@type":"ReadAction","target":["https:\/\/www.pallai.hu\/en\/termek\/psychological-safety\/"]}]},{"@type":"ImageObject","inLanguage":"en-US","@id":"https:\/\/www.pallai.hu\/en\/termek\/psychological-safety\/#primaryimage","url":"https:\/\/www.pallai.hu\/wp-content\/uploads\/2024\/12\/Pszichologiai_biztonsag_trening_main3.jpg","contentUrl":"https:\/\/www.pallai.hu\/wp-content\/uploads\/2024\/12\/Pszichologiai_biztonsag_trening_main3.jpg","width":1920,"height":1120},{"@type":"BreadcrumbList","@id":"https:\/\/www.pallai.hu\/en\/termek\/psychological-safety\/#breadcrumb","itemListElement":[{"@type":"ListItem","position":1,"name":"Kezd\u0151lap","item":"https:\/\/www.pallai.hu\/en\/"},{"@type":"ListItem","position":2,"name":"Shop","item":"https:\/\/www.pallai.hu\/uzlet\/"},{"@type":"ListItem","position":3,"name":"Psychological Safety"}]},{"@type":"WebSite","@id":"https:\/\/www.pallai.hu\/#website","url":"https:\/\/www.pallai.hu\/","name":"Dr. Pallai Katalin | Vezet\u0151 k\u00e9pz\u00e9s | Etikus vezet\u00e9s | Szervezetfejleszt\u00e9s","description":"Dr. Pallai Katalin | Vezet\u0151 k\u00e9pz\u00e9s | Etikus vezet\u00e9s | Szervezetfejleszt\u00e9s","potentialAction":[{"@type":"SearchAction","target":{"@type":"EntryPoint","urlTemplate":"https:\/\/www.pallai.hu\/?s={search_term_string}"},"query-input":{"@type":"PropertyValueSpecification","valueRequired":true,"valueName":"search_term_string"}}],"inLanguage":"en-US"}]}},"_links":{"self":[{"href":"https:\/\/www.pallai.hu\/en\/wp-json\/wp\/v2\/product\/2171","targetHints":{"allow":["GET"]}}],"collection":[{"href":"https:\/\/www.pallai.hu\/en\/wp-json\/wp\/v2\/product"}],"about":[{"href":"https:\/\/www.pallai.hu\/en\/wp-json\/wp\/v2\/types\/product"}],"replies":[{"embeddable":true,"href":"https:\/\/www.pallai.hu\/en\/wp-json\/wp\/v2\/comments?post=2171"}],"wp:featuredmedia":[{"embeddable":true,"href":"https:\/\/www.pallai.hu\/en\/wp-json\/wp\/v2\/media\/1017"}],"wp:attachment":[{"href":"https:\/\/www.pallai.hu\/en\/wp-json\/wp\/v2\/media?parent=2171"}],"wp:term":[{"taxonomy":"product_brand","embeddable":true,"href":"https:\/\/www.pallai.hu\/en\/wp-json\/wp\/v2\/product_brand?post=2171"},{"taxonomy":"product_cat","embeddable":true,"href":"https:\/\/www.pallai.hu\/en\/wp-json\/wp\/v2\/product_cat?post=2171"},{"taxonomy":"product_tag","embeddable":true,"href":"https:\/\/www.pallai.hu\/en\/wp-json\/wp\/v2\/product_tag?post=2171"}],"curies":[{"name":"wp","href":"https:\/\/api.w.org\/{rel}","templated":true}]}}