{"id":2172,"date":"2025-08-01T00:57:49","date_gmt":"2025-07-31T22:57:49","guid":{"rendered":"https:\/\/www.pallai.hu\/?post_type=product&#038;p=2172"},"modified":"2025-08-01T01:33:54","modified_gmt":"2025-07-31T23:33:54","slug":"the-power-of-dialogue","status":"publish","type":"product","link":"https:\/\/www.pallai.hu\/en\/termek\/the-power-of-dialogue\/","title":{"rendered":"The Power of Dialogue"},"content":{"rendered":"<p>Good dialogue is a creative process. It allows us to understand each other\u2019s perspectives and discover solutions that none of us could have reached alone. This training helps you experience how dialogue can evolve into genuine collaboration and co-creation.<\/p>\n","protected":false},"excerpt":{"rendered":"<p>Good dialogue is a creative process. It allows us to understand each other\u2019s perspectives and discover solutions that none of us could have reached alone. This training helps you experience how dialogue can evolve into genuine collaboration and co-creation.<\/p>\n","protected":false},"featured_media":2153,"comment_status":"closed","ping_status":"closed","template":"","meta":{"_acf_changed":false,"_et_pb_use_builder":"","_et_pb_old_content":"","_et_gb_content_width":"","inline_featured_image":false},"product_brand":[],"product_cat":[76],"product_tag":[],"class_list":{"0":"post-2172","1":"product","2":"type-product","3":"status-publish","4":"has-post-thumbnail","6":"product_cat-trainings","8":"first","9":"instock","10":"shipping-taxable","11":"product-type-simple"},"acf":[],"yoast_head":"<!-- This site is optimized with the Yoast SEO plugin v26.4 - https:\/\/yoast.com\/wordpress\/plugins\/seo\/ -->\n<title>The Power of Dialogue - Dr. Pallai Katalin | Vezet\u0151 k\u00e9pz\u00e9s | Etikus vezet\u00e9s | Szervezetfejleszt\u00e9s<\/title>\n<meta name=\"robots\" content=\"index, follow, max-snippet:-1, max-image-preview:large, max-video-preview:-1\" \/>\n<link rel=\"canonical\" href=\"https:\/\/www.pallai.hu\/en\/termek\/the-power-of-dialogue\/\" \/>\n<meta property=\"og:locale\" content=\"en_US\" \/>\n<meta property=\"og:type\" content=\"article\" \/>\n<meta property=\"og:title\" content=\"The Power of Dialogue - Dr. Pallai Katalin | Vezet\u0151 k\u00e9pz\u00e9s | Etikus vezet\u00e9s | Szervezetfejleszt\u00e9s\" \/>\n<meta property=\"og:description\" content=\"Good dialogue is a creative process. It allows us to understand each other\u2019s perspectives and discover solutions that none of us could have reached alone. This training helps you experience how dialogue can evolve into genuine collaboration and co-creation.\" \/>\n<meta property=\"og:url\" content=\"https:\/\/www.pallai.hu\/en\/termek\/the-power-of-dialogue\/\" \/>\n<meta property=\"og:site_name\" content=\"Dr. Pallai Katalin | Vezet\u0151 k\u00e9pz\u00e9s | Etikus vezet\u00e9s | Szervezetfejleszt\u00e9s\" \/>\n<meta property=\"article:modified_time\" content=\"2025-07-31T23:33:54+00:00\" \/>\n<meta property=\"og:image\" content=\"https:\/\/www.pallai.hu\/wp-content\/uploads\/2025\/08\/ParbeszedHatalma_Trening.jpg\" \/>\n\t<meta property=\"og:image:width\" content=\"1920\" \/>\n\t<meta property=\"og:image:height\" content=\"1280\" \/>\n\t<meta property=\"og:image:type\" content=\"image\/jpeg\" \/>\n<meta name=\"twitter:card\" content=\"summary_large_image\" \/>\n<meta name=\"twitter:label1\" content=\"Est. reading time\" \/>\n\t<meta name=\"twitter:data1\" content=\"1 minute\" \/>\n<script type=\"application\/ld+json\" class=\"yoast-schema-graph\">{\"@context\":\"https:\/\/schema.org\",\"@graph\":[{\"@type\":\"WebPage\",\"@id\":\"https:\/\/www.pallai.hu\/en\/termek\/the-power-of-dialogue\/\",\"url\":\"https:\/\/www.pallai.hu\/en\/termek\/the-power-of-dialogue\/\",\"name\":\"The Power of Dialogue - Dr. Pallai Katalin | Vezet\u0151 k\u00e9pz\u00e9s | Etikus vezet\u00e9s | Szervezetfejleszt\u00e9s\",\"isPartOf\":{\"@id\":\"https:\/\/www.pallai.hu\/#website\"},\"primaryImageOfPage\":{\"@id\":\"https:\/\/www.pallai.hu\/en\/termek\/the-power-of-dialogue\/#primaryimage\"},\"image\":{\"@id\":\"https:\/\/www.pallai.hu\/en\/termek\/the-power-of-dialogue\/#primaryimage\"},\"thumbnailUrl\":\"https:\/\/www.pallai.hu\/wp-content\/uploads\/2025\/08\/ParbeszedHatalma_Trening.jpg\",\"datePublished\":\"2025-07-31T22:57:49+00:00\",\"dateModified\":\"2025-07-31T23:33:54+00:00\",\"breadcrumb\":{\"@id\":\"https:\/\/www.pallai.hu\/en\/termek\/the-power-of-dialogue\/#breadcrumb\"},\"inLanguage\":\"en-US\",\"potentialAction\":[{\"@type\":\"ReadAction\",\"target\":[\"https:\/\/www.pallai.hu\/en\/termek\/the-power-of-dialogue\/\"]}]},{\"@type\":\"ImageObject\",\"inLanguage\":\"en-US\",\"@id\":\"https:\/\/www.pallai.hu\/en\/termek\/the-power-of-dialogue\/#primaryimage\",\"url\":\"https:\/\/www.pallai.hu\/wp-content\/uploads\/2025\/08\/ParbeszedHatalma_Trening.jpg\",\"contentUrl\":\"https:\/\/www.pallai.hu\/wp-content\/uploads\/2025\/08\/ParbeszedHatalma_Trening.jpg\",\"width\":1920,\"height\":1280},{\"@type\":\"BreadcrumbList\",\"@id\":\"https:\/\/www.pallai.hu\/en\/termek\/the-power-of-dialogue\/#breadcrumb\",\"itemListElement\":[{\"@type\":\"ListItem\",\"position\":1,\"name\":\"Kezd\u0151lap\",\"item\":\"https:\/\/www.pallai.hu\/en\/\"},{\"@type\":\"ListItem\",\"position\":2,\"name\":\"Shop\",\"item\":\"https:\/\/www.pallai.hu\/uzlet\/\"},{\"@type\":\"ListItem\",\"position\":3,\"name\":\"The Power of Dialogue\"}]},{\"@type\":\"WebSite\",\"@id\":\"https:\/\/www.pallai.hu\/#website\",\"url\":\"https:\/\/www.pallai.hu\/\",\"name\":\"Dr. Pallai Katalin | Vezet\u0151 k\u00e9pz\u00e9s | Etikus vezet\u00e9s | Szervezetfejleszt\u00e9s\",\"description\":\"Dr. Pallai Katalin | Vezet\u0151 k\u00e9pz\u00e9s | Etikus vezet\u00e9s | Szervezetfejleszt\u00e9s\",\"potentialAction\":[{\"@type\":\"SearchAction\",\"target\":{\"@type\":\"EntryPoint\",\"urlTemplate\":\"https:\/\/www.pallai.hu\/?s={search_term_string}\"},\"query-input\":{\"@type\":\"PropertyValueSpecification\",\"valueRequired\":true,\"valueName\":\"search_term_string\"}}],\"inLanguage\":\"en-US\"}]}<\/script>\n<!-- \/ Yoast SEO plugin. -->","yoast_head_json":{"title":"The Power of Dialogue - Dr. Pallai Katalin | Vezet\u0151 k\u00e9pz\u00e9s | Etikus vezet\u00e9s | Szervezetfejleszt\u00e9s","robots":{"index":"index","follow":"follow","max-snippet":"max-snippet:-1","max-image-preview":"max-image-preview:large","max-video-preview":"max-video-preview:-1"},"canonical":"https:\/\/www.pallai.hu\/en\/termek\/the-power-of-dialogue\/","og_locale":"en_US","og_type":"article","og_title":"The Power of Dialogue - Dr. Pallai Katalin | Vezet\u0151 k\u00e9pz\u00e9s | Etikus vezet\u00e9s | Szervezetfejleszt\u00e9s","og_description":"Good dialogue is a creative process. It allows us to understand each other\u2019s perspectives and discover solutions that none of us could have reached alone. This training helps you experience how dialogue can evolve into genuine collaboration and co-creation.","og_url":"https:\/\/www.pallai.hu\/en\/termek\/the-power-of-dialogue\/","og_site_name":"Dr. Pallai Katalin | Vezet\u0151 k\u00e9pz\u00e9s | Etikus vezet\u00e9s | Szervezetfejleszt\u00e9s","article_modified_time":"2025-07-31T23:33:54+00:00","og_image":[{"width":1920,"height":1280,"url":"https:\/\/www.pallai.hu\/wp-content\/uploads\/2025\/08\/ParbeszedHatalma_Trening.jpg","type":"image\/jpeg"}],"twitter_card":"summary_large_image","twitter_misc":{"Est. reading time":"1 minute"},"schema":{"@context":"https:\/\/schema.org","@graph":[{"@type":"WebPage","@id":"https:\/\/www.pallai.hu\/en\/termek\/the-power-of-dialogue\/","url":"https:\/\/www.pallai.hu\/en\/termek\/the-power-of-dialogue\/","name":"The Power of Dialogue - Dr. Pallai Katalin | Vezet\u0151 k\u00e9pz\u00e9s | Etikus vezet\u00e9s | Szervezetfejleszt\u00e9s","isPartOf":{"@id":"https:\/\/www.pallai.hu\/#website"},"primaryImageOfPage":{"@id":"https:\/\/www.pallai.hu\/en\/termek\/the-power-of-dialogue\/#primaryimage"},"image":{"@id":"https:\/\/www.pallai.hu\/en\/termek\/the-power-of-dialogue\/#primaryimage"},"thumbnailUrl":"https:\/\/www.pallai.hu\/wp-content\/uploads\/2025\/08\/ParbeszedHatalma_Trening.jpg","datePublished":"2025-07-31T22:57:49+00:00","dateModified":"2025-07-31T23:33:54+00:00","breadcrumb":{"@id":"https:\/\/www.pallai.hu\/en\/termek\/the-power-of-dialogue\/#breadcrumb"},"inLanguage":"en-US","potentialAction":[{"@type":"ReadAction","target":["https:\/\/www.pallai.hu\/en\/termek\/the-power-of-dialogue\/"]}]},{"@type":"ImageObject","inLanguage":"en-US","@id":"https:\/\/www.pallai.hu\/en\/termek\/the-power-of-dialogue\/#primaryimage","url":"https:\/\/www.pallai.hu\/wp-content\/uploads\/2025\/08\/ParbeszedHatalma_Trening.jpg","contentUrl":"https:\/\/www.pallai.hu\/wp-content\/uploads\/2025\/08\/ParbeszedHatalma_Trening.jpg","width":1920,"height":1280},{"@type":"BreadcrumbList","@id":"https:\/\/www.pallai.hu\/en\/termek\/the-power-of-dialogue\/#breadcrumb","itemListElement":[{"@type":"ListItem","position":1,"name":"Kezd\u0151lap","item":"https:\/\/www.pallai.hu\/en\/"},{"@type":"ListItem","position":2,"name":"Shop","item":"https:\/\/www.pallai.hu\/uzlet\/"},{"@type":"ListItem","position":3,"name":"The Power of Dialogue"}]},{"@type":"WebSite","@id":"https:\/\/www.pallai.hu\/#website","url":"https:\/\/www.pallai.hu\/","name":"Dr. Pallai Katalin | Vezet\u0151 k\u00e9pz\u00e9s | Etikus vezet\u00e9s | Szervezetfejleszt\u00e9s","description":"Dr. Pallai Katalin | Vezet\u0151 k\u00e9pz\u00e9s | Etikus vezet\u00e9s | Szervezetfejleszt\u00e9s","potentialAction":[{"@type":"SearchAction","target":{"@type":"EntryPoint","urlTemplate":"https:\/\/www.pallai.hu\/?s={search_term_string}"},"query-input":{"@type":"PropertyValueSpecification","valueRequired":true,"valueName":"search_term_string"}}],"inLanguage":"en-US"}]}},"_links":{"self":[{"href":"https:\/\/www.pallai.hu\/en\/wp-json\/wp\/v2\/product\/2172","targetHints":{"allow":["GET"]}}],"collection":[{"href":"https:\/\/www.pallai.hu\/en\/wp-json\/wp\/v2\/product"}],"about":[{"href":"https:\/\/www.pallai.hu\/en\/wp-json\/wp\/v2\/types\/product"}],"replies":[{"embeddable":true,"href":"https:\/\/www.pallai.hu\/en\/wp-json\/wp\/v2\/comments?post=2172"}],"wp:featuredmedia":[{"embeddable":true,"href":"https:\/\/www.pallai.hu\/en\/wp-json\/wp\/v2\/media\/2153"}],"wp:attachment":[{"href":"https:\/\/www.pallai.hu\/en\/wp-json\/wp\/v2\/media?parent=2172"}],"wp:term":[{"taxonomy":"product_brand","embeddable":true,"href":"https:\/\/www.pallai.hu\/en\/wp-json\/wp\/v2\/product_brand?post=2172"},{"taxonomy":"product_cat","embeddable":true,"href":"https:\/\/www.pallai.hu\/en\/wp-json\/wp\/v2\/product_cat?post=2172"},{"taxonomy":"product_tag","embeddable":true,"href":"https:\/\/www.pallai.hu\/en\/wp-json\/wp\/v2\/product_tag?post=2172"}],"curies":[{"name":"wp","href":"https:\/\/api.w.org\/{rel}","templated":true}]}}