{"id":2173,"date":"2025-08-01T01:05:39","date_gmt":"2025-07-31T23:05:39","guid":{"rendered":"https:\/\/www.pallai.hu\/?post_type=product&#038;p=2173"},"modified":"2025-08-01T01:36:12","modified_gmt":"2025-07-31T23:36:12","slug":"authentic-leadership","status":"publish","type":"product","link":"https:\/\/www.pallai.hu\/en\/termek\/authentic-leadership\/","title":{"rendered":"Authentic Leadership"},"content":{"rendered":"<p>Those who have found their authentic voice move through the world with confidence. People trust authentic leaders because they are consistent, human, and guided by values. This day helps you clarify the kind of leader you want to be \u2014 and how to become one.<\/p>\n","protected":false},"excerpt":{"rendered":"<p>Those who have found their authentic voice move through the world with confidence. People trust authentic leaders because they are consistent, human, and guided by values. This day helps you clarify the kind of leader you want to be \u2014 and how to become one.<\/p>\n","protected":false},"featured_media":2160,"comment_status":"closed","ping_status":"closed","template":"","meta":{"_acf_changed":false,"_et_pb_use_builder":"","_et_pb_old_content":"","_et_gb_content_width":"","inline_featured_image":false},"product_brand":[],"product_cat":[76],"product_tag":[],"class_list":{"0":"post-2173","1":"product","2":"type-product","3":"status-publish","4":"has-post-thumbnail","6":"product_cat-trainings","8":"first","9":"instock","10":"shipping-taxable","11":"product-type-simple"},"acf":[],"yoast_head":"<!-- This site is optimized with the Yoast SEO plugin v26.4 - https:\/\/yoast.com\/wordpress\/plugins\/seo\/ -->\n<title>Authentic Leadership - Dr. Pallai Katalin | Vezet\u0151 k\u00e9pz\u00e9s | Etikus vezet\u00e9s | Szervezetfejleszt\u00e9s<\/title>\n<meta name=\"robots\" content=\"index, follow, max-snippet:-1, max-image-preview:large, max-video-preview:-1\" \/>\n<link rel=\"canonical\" href=\"https:\/\/www.pallai.hu\/en\/termek\/authentic-leadership\/\" \/>\n<meta property=\"og:locale\" content=\"en_US\" \/>\n<meta property=\"og:type\" content=\"article\" \/>\n<meta property=\"og:title\" content=\"Authentic Leadership - Dr. Pallai Katalin | Vezet\u0151 k\u00e9pz\u00e9s | Etikus vezet\u00e9s | Szervezetfejleszt\u00e9s\" \/>\n<meta property=\"og:description\" content=\"Those who have found their authentic voice move through the world with confidence. People trust authentic leaders because they are consistent, human, and guided by values. This day helps you clarify the kind of leader you want to be \u2014 and how to become one.\" \/>\n<meta property=\"og:url\" content=\"https:\/\/www.pallai.hu\/en\/termek\/authentic-leadership\/\" \/>\n<meta property=\"og:site_name\" content=\"Dr. Pallai Katalin | Vezet\u0151 k\u00e9pz\u00e9s | Etikus vezet\u00e9s | Szervezetfejleszt\u00e9s\" \/>\n<meta property=\"article:modified_time\" content=\"2025-07-31T23:36:12+00:00\" \/>\n<meta property=\"og:image\" content=\"https:\/\/www.pallai.hu\/wp-content\/uploads\/2025\/08\/HitelesVezeto_Trening.jpg\" \/>\n\t<meta property=\"og:image:width\" content=\"1920\" \/>\n\t<meta property=\"og:image:height\" content=\"1280\" \/>\n\t<meta property=\"og:image:type\" content=\"image\/jpeg\" \/>\n<meta name=\"twitter:card\" content=\"summary_large_image\" \/>\n<meta name=\"twitter:label1\" content=\"Est. reading time\" \/>\n\t<meta name=\"twitter:data1\" content=\"1 minute\" \/>\n<script type=\"application\/ld+json\" class=\"yoast-schema-graph\">{\"@context\":\"https:\/\/schema.org\",\"@graph\":[{\"@type\":\"WebPage\",\"@id\":\"https:\/\/www.pallai.hu\/en\/termek\/authentic-leadership\/\",\"url\":\"https:\/\/www.pallai.hu\/en\/termek\/authentic-leadership\/\",\"name\":\"Authentic Leadership - Dr. Pallai Katalin | Vezet\u0151 k\u00e9pz\u00e9s | Etikus vezet\u00e9s | Szervezetfejleszt\u00e9s\",\"isPartOf\":{\"@id\":\"https:\/\/www.pallai.hu\/#website\"},\"primaryImageOfPage\":{\"@id\":\"https:\/\/www.pallai.hu\/en\/termek\/authentic-leadership\/#primaryimage\"},\"image\":{\"@id\":\"https:\/\/www.pallai.hu\/en\/termek\/authentic-leadership\/#primaryimage\"},\"thumbnailUrl\":\"https:\/\/www.pallai.hu\/wp-content\/uploads\/2025\/08\/HitelesVezeto_Trening.jpg\",\"datePublished\":\"2025-07-31T23:05:39+00:00\",\"dateModified\":\"2025-07-31T23:36:12+00:00\",\"breadcrumb\":{\"@id\":\"https:\/\/www.pallai.hu\/en\/termek\/authentic-leadership\/#breadcrumb\"},\"inLanguage\":\"en-US\",\"potentialAction\":[{\"@type\":\"ReadAction\",\"target\":[\"https:\/\/www.pallai.hu\/en\/termek\/authentic-leadership\/\"]}]},{\"@type\":\"ImageObject\",\"inLanguage\":\"en-US\",\"@id\":\"https:\/\/www.pallai.hu\/en\/termek\/authentic-leadership\/#primaryimage\",\"url\":\"https:\/\/www.pallai.hu\/wp-content\/uploads\/2025\/08\/HitelesVezeto_Trening.jpg\",\"contentUrl\":\"https:\/\/www.pallai.hu\/wp-content\/uploads\/2025\/08\/HitelesVezeto_Trening.jpg\",\"width\":1920,\"height\":1280},{\"@type\":\"BreadcrumbList\",\"@id\":\"https:\/\/www.pallai.hu\/en\/termek\/authentic-leadership\/#breadcrumb\",\"itemListElement\":[{\"@type\":\"ListItem\",\"position\":1,\"name\":\"Kezd\u0151lap\",\"item\":\"https:\/\/www.pallai.hu\/en\/\"},{\"@type\":\"ListItem\",\"position\":2,\"name\":\"Shop\",\"item\":\"https:\/\/www.pallai.hu\/uzlet\/\"},{\"@type\":\"ListItem\",\"position\":3,\"name\":\"Authentic Leadership\"}]},{\"@type\":\"WebSite\",\"@id\":\"https:\/\/www.pallai.hu\/#website\",\"url\":\"https:\/\/www.pallai.hu\/\",\"name\":\"Dr. Pallai Katalin | Vezet\u0151 k\u00e9pz\u00e9s | Etikus vezet\u00e9s | Szervezetfejleszt\u00e9s\",\"description\":\"Dr. Pallai Katalin | Vezet\u0151 k\u00e9pz\u00e9s | Etikus vezet\u00e9s | Szervezetfejleszt\u00e9s\",\"potentialAction\":[{\"@type\":\"SearchAction\",\"target\":{\"@type\":\"EntryPoint\",\"urlTemplate\":\"https:\/\/www.pallai.hu\/?s={search_term_string}\"},\"query-input\":{\"@type\":\"PropertyValueSpecification\",\"valueRequired\":true,\"valueName\":\"search_term_string\"}}],\"inLanguage\":\"en-US\"}]}<\/script>\n<!-- \/ Yoast SEO plugin. -->","yoast_head_json":{"title":"Authentic Leadership - Dr. Pallai Katalin | Vezet\u0151 k\u00e9pz\u00e9s | Etikus vezet\u00e9s | Szervezetfejleszt\u00e9s","robots":{"index":"index","follow":"follow","max-snippet":"max-snippet:-1","max-image-preview":"max-image-preview:large","max-video-preview":"max-video-preview:-1"},"canonical":"https:\/\/www.pallai.hu\/en\/termek\/authentic-leadership\/","og_locale":"en_US","og_type":"article","og_title":"Authentic Leadership - Dr. Pallai Katalin | Vezet\u0151 k\u00e9pz\u00e9s | Etikus vezet\u00e9s | Szervezetfejleszt\u00e9s","og_description":"Those who have found their authentic voice move through the world with confidence. People trust authentic leaders because they are consistent, human, and guided by values. This day helps you clarify the kind of leader you want to be \u2014 and how to become one.","og_url":"https:\/\/www.pallai.hu\/en\/termek\/authentic-leadership\/","og_site_name":"Dr. Pallai Katalin | Vezet\u0151 k\u00e9pz\u00e9s | Etikus vezet\u00e9s | Szervezetfejleszt\u00e9s","article_modified_time":"2025-07-31T23:36:12+00:00","og_image":[{"width":1920,"height":1280,"url":"https:\/\/www.pallai.hu\/wp-content\/uploads\/2025\/08\/HitelesVezeto_Trening.jpg","type":"image\/jpeg"}],"twitter_card":"summary_large_image","twitter_misc":{"Est. reading time":"1 minute"},"schema":{"@context":"https:\/\/schema.org","@graph":[{"@type":"WebPage","@id":"https:\/\/www.pallai.hu\/en\/termek\/authentic-leadership\/","url":"https:\/\/www.pallai.hu\/en\/termek\/authentic-leadership\/","name":"Authentic Leadership - Dr. Pallai Katalin | Vezet\u0151 k\u00e9pz\u00e9s | Etikus vezet\u00e9s | Szervezetfejleszt\u00e9s","isPartOf":{"@id":"https:\/\/www.pallai.hu\/#website"},"primaryImageOfPage":{"@id":"https:\/\/www.pallai.hu\/en\/termek\/authentic-leadership\/#primaryimage"},"image":{"@id":"https:\/\/www.pallai.hu\/en\/termek\/authentic-leadership\/#primaryimage"},"thumbnailUrl":"https:\/\/www.pallai.hu\/wp-content\/uploads\/2025\/08\/HitelesVezeto_Trening.jpg","datePublished":"2025-07-31T23:05:39+00:00","dateModified":"2025-07-31T23:36:12+00:00","breadcrumb":{"@id":"https:\/\/www.pallai.hu\/en\/termek\/authentic-leadership\/#breadcrumb"},"inLanguage":"en-US","potentialAction":[{"@type":"ReadAction","target":["https:\/\/www.pallai.hu\/en\/termek\/authentic-leadership\/"]}]},{"@type":"ImageObject","inLanguage":"en-US","@id":"https:\/\/www.pallai.hu\/en\/termek\/authentic-leadership\/#primaryimage","url":"https:\/\/www.pallai.hu\/wp-content\/uploads\/2025\/08\/HitelesVezeto_Trening.jpg","contentUrl":"https:\/\/www.pallai.hu\/wp-content\/uploads\/2025\/08\/HitelesVezeto_Trening.jpg","width":1920,"height":1280},{"@type":"BreadcrumbList","@id":"https:\/\/www.pallai.hu\/en\/termek\/authentic-leadership\/#breadcrumb","itemListElement":[{"@type":"ListItem","position":1,"name":"Kezd\u0151lap","item":"https:\/\/www.pallai.hu\/en\/"},{"@type":"ListItem","position":2,"name":"Shop","item":"https:\/\/www.pallai.hu\/uzlet\/"},{"@type":"ListItem","position":3,"name":"Authentic Leadership"}]},{"@type":"WebSite","@id":"https:\/\/www.pallai.hu\/#website","url":"https:\/\/www.pallai.hu\/","name":"Dr. Pallai Katalin | Vezet\u0151 k\u00e9pz\u00e9s | Etikus vezet\u00e9s | Szervezetfejleszt\u00e9s","description":"Dr. Pallai Katalin | Vezet\u0151 k\u00e9pz\u00e9s | Etikus vezet\u00e9s | Szervezetfejleszt\u00e9s","potentialAction":[{"@type":"SearchAction","target":{"@type":"EntryPoint","urlTemplate":"https:\/\/www.pallai.hu\/?s={search_term_string}"},"query-input":{"@type":"PropertyValueSpecification","valueRequired":true,"valueName":"search_term_string"}}],"inLanguage":"en-US"}]}},"_links":{"self":[{"href":"https:\/\/www.pallai.hu\/en\/wp-json\/wp\/v2\/product\/2173","targetHints":{"allow":["GET"]}}],"collection":[{"href":"https:\/\/www.pallai.hu\/en\/wp-json\/wp\/v2\/product"}],"about":[{"href":"https:\/\/www.pallai.hu\/en\/wp-json\/wp\/v2\/types\/product"}],"replies":[{"embeddable":true,"href":"https:\/\/www.pallai.hu\/en\/wp-json\/wp\/v2\/comments?post=2173"}],"wp:featuredmedia":[{"embeddable":true,"href":"https:\/\/www.pallai.hu\/en\/wp-json\/wp\/v2\/media\/2160"}],"wp:attachment":[{"href":"https:\/\/www.pallai.hu\/en\/wp-json\/wp\/v2\/media?parent=2173"}],"wp:term":[{"taxonomy":"product_brand","embeddable":true,"href":"https:\/\/www.pallai.hu\/en\/wp-json\/wp\/v2\/product_brand?post=2173"},{"taxonomy":"product_cat","embeddable":true,"href":"https:\/\/www.pallai.hu\/en\/wp-json\/wp\/v2\/product_cat?post=2173"},{"taxonomy":"product_tag","embeddable":true,"href":"https:\/\/www.pallai.hu\/en\/wp-json\/wp\/v2\/product_tag?post=2173"}],"curies":[{"name":"wp","href":"https:\/\/api.w.org\/{rel}","templated":true}]}}