{"id":2200,"date":"2025-09-25T17:35:44","date_gmt":"2025-09-25T15:35:44","guid":{"rendered":"https:\/\/www.pallai.hu\/?post_type=product&#038;p=2200"},"modified":"2025-09-25T18:16:09","modified_gmt":"2025-09-25T16:16:09","slug":"ethical-decisions-in-disruptive-times","status":"publish","type":"product","link":"https:\/\/www.pallai.hu\/en\/termek\/ethical-decisions-in-disruptive-times\/","title":{"rendered":"Ethical Decisions in Disruptive Times"},"content":{"rendered":"<p>How to remain true to our values?<br \/>\nThe world is changing faster than ever\u2014making it challenging not only to keep up, but also to stay true to our values. This workshop offers practical guidance on how to recognize traps in decision-making, how to reflect responsibly and to uncover progressive solutions in times of change.<\/p>\n","protected":false},"excerpt":{"rendered":"<p>How to remain true to our values?<br \/>\nThe world is changing faster than ever\u2014making it challenging not only to keep up, but also to stay true to our values. This workshop offers practical guidance on how to recognize traps in decision-making, how to reflect responsibly and to uncover progressive solutions in times of change.<\/p>\n","protected":false},"featured_media":2197,"comment_status":"closed","ping_status":"closed","template":"","meta":{"_acf_changed":false,"_et_pb_use_builder":"","_et_pb_old_content":"","_et_gb_content_width":"","inline_featured_image":false},"product_brand":[],"product_cat":[76],"product_tag":[],"class_list":{"0":"post-2200","1":"product","2":"type-product","3":"status-publish","4":"has-post-thumbnail","6":"product_cat-trainings","8":"first","9":"instock","10":"shipping-taxable","11":"product-type-simple"},"acf":[],"yoast_head":"<!-- This site is optimized with the Yoast SEO plugin v26.4 - https:\/\/yoast.com\/wordpress\/plugins\/seo\/ -->\n<title>Ethical Decisions in Disruptive Times - Dr. Pallai Katalin | Vezet\u0151 k\u00e9pz\u00e9s | Etikus vezet\u00e9s | Szervezetfejleszt\u00e9s<\/title>\n<meta name=\"robots\" content=\"index, follow, max-snippet:-1, max-image-preview:large, max-video-preview:-1\" \/>\n<link rel=\"canonical\" href=\"https:\/\/www.pallai.hu\/en\/termek\/ethical-decisions-in-disruptive-times\/\" \/>\n<meta property=\"og:locale\" content=\"en_US\" \/>\n<meta property=\"og:type\" content=\"article\" \/>\n<meta property=\"og:title\" content=\"Ethical Decisions in Disruptive Times - Dr. Pallai Katalin | Vezet\u0151 k\u00e9pz\u00e9s | Etikus vezet\u00e9s | Szervezetfejleszt\u00e9s\" \/>\n<meta property=\"og:description\" content=\"How to remain true to our values? The world is changing faster than ever\u2014making it challenging not only to keep up, but also to stay true to our values. This workshop offers practical guidance on how to recognize traps in decision-making, how to reflect responsibly and to uncover progressive solutions in times of change.\" \/>\n<meta property=\"og:url\" content=\"https:\/\/www.pallai.hu\/en\/termek\/ethical-decisions-in-disruptive-times\/\" \/>\n<meta property=\"og:site_name\" content=\"Dr. Pallai Katalin | Vezet\u0151 k\u00e9pz\u00e9s | Etikus vezet\u00e9s | Szervezetfejleszt\u00e9s\" \/>\n<meta property=\"article:modified_time\" content=\"2025-09-25T16:16:09+00:00\" \/>\n<meta property=\"og:image\" content=\"https:\/\/www.pallai.hu\/wp-content\/uploads\/2025\/09\/Etikus_Dontesek_Trening.webp\" \/>\n\t<meta property=\"og:image:width\" content=\"1920\" \/>\n\t<meta property=\"og:image:height\" content=\"1280\" \/>\n\t<meta property=\"og:image:type\" content=\"image\/webp\" \/>\n<meta name=\"twitter:card\" content=\"summary_large_image\" \/>\n<meta name=\"twitter:label1\" content=\"Est. reading time\" \/>\n\t<meta name=\"twitter:data1\" content=\"1 minute\" \/>\n<script type=\"application\/ld+json\" class=\"yoast-schema-graph\">{\"@context\":\"https:\/\/schema.org\",\"@graph\":[{\"@type\":\"WebPage\",\"@id\":\"https:\/\/www.pallai.hu\/en\/termek\/ethical-decisions-in-disruptive-times\/\",\"url\":\"https:\/\/www.pallai.hu\/en\/termek\/ethical-decisions-in-disruptive-times\/\",\"name\":\"Ethical Decisions in Disruptive Times - Dr. Pallai Katalin | Vezet\u0151 k\u00e9pz\u00e9s | Etikus vezet\u00e9s | Szervezetfejleszt\u00e9s\",\"isPartOf\":{\"@id\":\"https:\/\/www.pallai.hu\/#website\"},\"primaryImageOfPage\":{\"@id\":\"https:\/\/www.pallai.hu\/en\/termek\/ethical-decisions-in-disruptive-times\/#primaryimage\"},\"image\":{\"@id\":\"https:\/\/www.pallai.hu\/en\/termek\/ethical-decisions-in-disruptive-times\/#primaryimage\"},\"thumbnailUrl\":\"https:\/\/www.pallai.hu\/wp-content\/uploads\/2025\/09\/Etikus_Dontesek_Trening.webp\",\"datePublished\":\"2025-09-25T15:35:44+00:00\",\"dateModified\":\"2025-09-25T16:16:09+00:00\",\"breadcrumb\":{\"@id\":\"https:\/\/www.pallai.hu\/en\/termek\/ethical-decisions-in-disruptive-times\/#breadcrumb\"},\"inLanguage\":\"en-US\",\"potentialAction\":[{\"@type\":\"ReadAction\",\"target\":[\"https:\/\/www.pallai.hu\/en\/termek\/ethical-decisions-in-disruptive-times\/\"]}]},{\"@type\":\"ImageObject\",\"inLanguage\":\"en-US\",\"@id\":\"https:\/\/www.pallai.hu\/en\/termek\/ethical-decisions-in-disruptive-times\/#primaryimage\",\"url\":\"https:\/\/www.pallai.hu\/wp-content\/uploads\/2025\/09\/Etikus_Dontesek_Trening.webp\",\"contentUrl\":\"https:\/\/www.pallai.hu\/wp-content\/uploads\/2025\/09\/Etikus_Dontesek_Trening.webp\",\"width\":1920,\"height\":1280},{\"@type\":\"BreadcrumbList\",\"@id\":\"https:\/\/www.pallai.hu\/en\/termek\/ethical-decisions-in-disruptive-times\/#breadcrumb\",\"itemListElement\":[{\"@type\":\"ListItem\",\"position\":1,\"name\":\"Kezd\u0151lap\",\"item\":\"https:\/\/www.pallai.hu\/en\/\"},{\"@type\":\"ListItem\",\"position\":2,\"name\":\"Shop\",\"item\":\"https:\/\/www.pallai.hu\/uzlet\/\"},{\"@type\":\"ListItem\",\"position\":3,\"name\":\"Ethical Decisions in Disruptive Times\"}]},{\"@type\":\"WebSite\",\"@id\":\"https:\/\/www.pallai.hu\/#website\",\"url\":\"https:\/\/www.pallai.hu\/\",\"name\":\"Dr. Pallai Katalin | Vezet\u0151 k\u00e9pz\u00e9s | Etikus vezet\u00e9s | Szervezetfejleszt\u00e9s\",\"description\":\"Dr. Pallai Katalin | Vezet\u0151 k\u00e9pz\u00e9s | Etikus vezet\u00e9s | Szervezetfejleszt\u00e9s\",\"potentialAction\":[{\"@type\":\"SearchAction\",\"target\":{\"@type\":\"EntryPoint\",\"urlTemplate\":\"https:\/\/www.pallai.hu\/?s={search_term_string}\"},\"query-input\":{\"@type\":\"PropertyValueSpecification\",\"valueRequired\":true,\"valueName\":\"search_term_string\"}}],\"inLanguage\":\"en-US\"}]}<\/script>\n<!-- \/ Yoast SEO plugin. -->","yoast_head_json":{"title":"Ethical Decisions in Disruptive Times - Dr. Pallai Katalin | Vezet\u0151 k\u00e9pz\u00e9s | Etikus vezet\u00e9s | Szervezetfejleszt\u00e9s","robots":{"index":"index","follow":"follow","max-snippet":"max-snippet:-1","max-image-preview":"max-image-preview:large","max-video-preview":"max-video-preview:-1"},"canonical":"https:\/\/www.pallai.hu\/en\/termek\/ethical-decisions-in-disruptive-times\/","og_locale":"en_US","og_type":"article","og_title":"Ethical Decisions in Disruptive Times - Dr. Pallai Katalin | Vezet\u0151 k\u00e9pz\u00e9s | Etikus vezet\u00e9s | Szervezetfejleszt\u00e9s","og_description":"How to remain true to our values? The world is changing faster than ever\u2014making it challenging not only to keep up, but also to stay true to our values. This workshop offers practical guidance on how to recognize traps in decision-making, how to reflect responsibly and to uncover progressive solutions in times of change.","og_url":"https:\/\/www.pallai.hu\/en\/termek\/ethical-decisions-in-disruptive-times\/","og_site_name":"Dr. Pallai Katalin | Vezet\u0151 k\u00e9pz\u00e9s | Etikus vezet\u00e9s | Szervezetfejleszt\u00e9s","article_modified_time":"2025-09-25T16:16:09+00:00","og_image":[{"width":1920,"height":1280,"url":"https:\/\/www.pallai.hu\/wp-content\/uploads\/2025\/09\/Etikus_Dontesek_Trening.webp","type":"image\/webp"}],"twitter_card":"summary_large_image","twitter_misc":{"Est. reading time":"1 minute"},"schema":{"@context":"https:\/\/schema.org","@graph":[{"@type":"WebPage","@id":"https:\/\/www.pallai.hu\/en\/termek\/ethical-decisions-in-disruptive-times\/","url":"https:\/\/www.pallai.hu\/en\/termek\/ethical-decisions-in-disruptive-times\/","name":"Ethical Decisions in Disruptive Times - Dr. Pallai Katalin | Vezet\u0151 k\u00e9pz\u00e9s | Etikus vezet\u00e9s | Szervezetfejleszt\u00e9s","isPartOf":{"@id":"https:\/\/www.pallai.hu\/#website"},"primaryImageOfPage":{"@id":"https:\/\/www.pallai.hu\/en\/termek\/ethical-decisions-in-disruptive-times\/#primaryimage"},"image":{"@id":"https:\/\/www.pallai.hu\/en\/termek\/ethical-decisions-in-disruptive-times\/#primaryimage"},"thumbnailUrl":"https:\/\/www.pallai.hu\/wp-content\/uploads\/2025\/09\/Etikus_Dontesek_Trening.webp","datePublished":"2025-09-25T15:35:44+00:00","dateModified":"2025-09-25T16:16:09+00:00","breadcrumb":{"@id":"https:\/\/www.pallai.hu\/en\/termek\/ethical-decisions-in-disruptive-times\/#breadcrumb"},"inLanguage":"en-US","potentialAction":[{"@type":"ReadAction","target":["https:\/\/www.pallai.hu\/en\/termek\/ethical-decisions-in-disruptive-times\/"]}]},{"@type":"ImageObject","inLanguage":"en-US","@id":"https:\/\/www.pallai.hu\/en\/termek\/ethical-decisions-in-disruptive-times\/#primaryimage","url":"https:\/\/www.pallai.hu\/wp-content\/uploads\/2025\/09\/Etikus_Dontesek_Trening.webp","contentUrl":"https:\/\/www.pallai.hu\/wp-content\/uploads\/2025\/09\/Etikus_Dontesek_Trening.webp","width":1920,"height":1280},{"@type":"BreadcrumbList","@id":"https:\/\/www.pallai.hu\/en\/termek\/ethical-decisions-in-disruptive-times\/#breadcrumb","itemListElement":[{"@type":"ListItem","position":1,"name":"Kezd\u0151lap","item":"https:\/\/www.pallai.hu\/en\/"},{"@type":"ListItem","position":2,"name":"Shop","item":"https:\/\/www.pallai.hu\/uzlet\/"},{"@type":"ListItem","position":3,"name":"Ethical Decisions in Disruptive Times"}]},{"@type":"WebSite","@id":"https:\/\/www.pallai.hu\/#website","url":"https:\/\/www.pallai.hu\/","name":"Dr. Pallai Katalin | Vezet\u0151 k\u00e9pz\u00e9s | Etikus vezet\u00e9s | Szervezetfejleszt\u00e9s","description":"Dr. Pallai Katalin | Vezet\u0151 k\u00e9pz\u00e9s | Etikus vezet\u00e9s | Szervezetfejleszt\u00e9s","potentialAction":[{"@type":"SearchAction","target":{"@type":"EntryPoint","urlTemplate":"https:\/\/www.pallai.hu\/?s={search_term_string}"},"query-input":{"@type":"PropertyValueSpecification","valueRequired":true,"valueName":"search_term_string"}}],"inLanguage":"en-US"}]}},"_links":{"self":[{"href":"https:\/\/www.pallai.hu\/en\/wp-json\/wp\/v2\/product\/2200","targetHints":{"allow":["GET"]}}],"collection":[{"href":"https:\/\/www.pallai.hu\/en\/wp-json\/wp\/v2\/product"}],"about":[{"href":"https:\/\/www.pallai.hu\/en\/wp-json\/wp\/v2\/types\/product"}],"replies":[{"embeddable":true,"href":"https:\/\/www.pallai.hu\/en\/wp-json\/wp\/v2\/comments?post=2200"}],"wp:featuredmedia":[{"embeddable":true,"href":"https:\/\/www.pallai.hu\/en\/wp-json\/wp\/v2\/media\/2197"}],"wp:attachment":[{"href":"https:\/\/www.pallai.hu\/en\/wp-json\/wp\/v2\/media?parent=2200"}],"wp:term":[{"taxonomy":"product_brand","embeddable":true,"href":"https:\/\/www.pallai.hu\/en\/wp-json\/wp\/v2\/product_brand?post=2200"},{"taxonomy":"product_cat","embeddable":true,"href":"https:\/\/www.pallai.hu\/en\/wp-json\/wp\/v2\/product_cat?post=2200"},{"taxonomy":"product_tag","embeddable":true,"href":"https:\/\/www.pallai.hu\/en\/wp-json\/wp\/v2\/product_tag?post=2200"}],"curies":[{"name":"wp","href":"https:\/\/api.w.org\/{rel}","templated":true}]}}